{"id":6351,"date":"2026-04-29T18:10:01","date_gmt":"2026-04-29T18:10:01","guid":{"rendered":"https:\/\/sunsurfalacati.com\/inzivalar\/"},"modified":"2026-05-06T17:33:42","modified_gmt":"2026-05-06T17:33:42","slug":"retreats","status":"publish","type":"page","link":"https:\/\/sunsurfalacati.com\/tr\/retreats\/","title":{"rendered":"\u0130nzivalar"},"content":{"rendered":"<div class=\"wpb-content-wrapper\">[vc_row][vc_column][gt3_custom_text text_color=&#8221;#27323d&#8221; font_size=&#8221;30&#8243;]\n<h3 style=\"text-align: center;\"><strong>Ne Sunuyoruz?<\/strong><\/h3>\n[\/gt3_custom_text][gt3_spacing height=&#8221;22px&#8221;][vc_row_inner][vc_column_inner width=&#8221;5\/6&#8243; offset=&#8221;vc_col-sm-offset-1&#8243;][gt3_custom_text text_color=&#8221;#737d84&#8243; font_size=&#8221;16&#8243; line_height=&#8221;190&#8243;]\n<p>S\u0131radanl\u0131ktan uzakla\u015f\u0131n ve kendinizi Ege denizinin k\u0131y\u0131s\u0131nda e\u015fsiz bir inziva deneyimine b\u0131rak\u0131n. R\u00fczgar s\u00f6rf\u00fc ve Wing Foil inzivalar\u0131m\u0131z, ilham verici do\u011fal bir ortamda macera, rahatlama ve ki\u015fisel geli\u015fimi birle\u015ftirmek i\u00e7in tasarlanm\u0131\u015ft\u0131r. Su sporlar\u0131n\u0131n \u00f6tesinde, inzivalar\u0131m\u0131z yeniden \u015farj olmak ve yeniden ba\u011flanmak i\u00e7in alan a\u00e7ar. <\/p>\n<p style=\"text-align: left;\">G\u00fcne enerji veren Yoga seans\u0131yla ba\u015flay\u0131n, g\u00fcn i\u00e7inde r\u00fczgar s\u00f6rf\u00fc, wing foil veya SUP ile dinamik ve zinde kal\u0131n, g\u00fcn bat\u0131m\u0131nda ise yava\u015f ve esnetici bir ak\u0131\u015f ile rahatlay\u0131n ve s\u0131cak bir topluluk atmosferinde Ege mutfa\u011f\u0131n\u0131n tad\u0131n\u0131 \u00e7\u0131kar\u0131n. Aktivite ve dinlenme aras\u0131nda bir denge olu\u015fturmaya odaklanarak eve tazelenmi\u015f ve ilham alm\u0131\u015f bir \u015fekilde d\u00f6nmenizi sa\u011fl\u0131yoruz.  <\/p>\n<p style=\"text-align: center;\"><strong>Gelin ve bize kat\u0131l\u0131n!<\/strong><\/p>\n<h2 style=\"text-align: center;\"><strong>\u00c7 O K Y A K I N D A . . . .<\/strong><\/h2>\n[\/gt3_custom_text][\/vc_column_inner][\/vc_row_inner]\n<\/div>","protected":false},"excerpt":{"rendered":"<p>[vc_row][vc_column][gt3_custom_text text_color=&#8221;#27323d&#8221; font_size=&#8221;30&#8243;] Ne Sunuyoruz? [\/gt3_custom_text][gt3_spacing height=&#8221;22px&#8221;][vc_row_inner][vc_column_inner width=&#8221;5\/6&#8243; offset=&#8221;vc_col-sm-offset-1&#8243;][gt3_custom_text text_color=&#8221;#737d84&#8243; font_size=&#8221;16&#8243; line_height=&#8221;190&#8243;] S\u0131radanl\u0131ktan uzakla\u015f\u0131n ve kendinizi Ege denizinin k\u0131y\u0131s\u0131nda e\u015fsiz bir inziva deneyimine b\u0131rak\u0131n. R\u00fczgar s\u00f6rf\u00fc ve Wing Foil inzivalar\u0131m\u0131z, ilham verici do\u011fal bir ortamda macera, rahatlama ve ki\u015fisel geli\u015fimi birle\u015ftirmek i\u00e7in tasarlanm\u0131\u015ft\u0131r. Su sporlar\u0131n\u0131n \u00f6tesinde, inzivalar\u0131m\u0131z yeniden \u015farj olmak ve yeniden ba\u011flanmak i\u00e7in alan [&hellip;]<\/p>\n","protected":false},"author":1,"featured_media":0,"parent":0,"menu_order":0,"comment_status":"closed","ping_status":"closed","template":"","meta":{"footnotes":""},"class_list":["post-6351","page","type-page","status-publish","hentry"],"_links":{"self":[{"href":"https:\/\/sunsurfalacati.com\/tr\/wp-json\/wp\/v2\/pages\/6351","targetHints":{"allow":["GET"]}}],"collection":[{"href":"https:\/\/sunsurfalacati.com\/tr\/wp-json\/wp\/v2\/pages"}],"about":[{"href":"https:\/\/sunsurfalacati.com\/tr\/wp-json\/wp\/v2\/types\/page"}],"author":[{"embeddable":true,"href":"https:\/\/sunsurfalacati.com\/tr\/wp-json\/wp\/v2\/users\/1"}],"replies":[{"embeddable":true,"href":"https:\/\/sunsurfalacati.com\/tr\/wp-json\/wp\/v2\/comments?post=6351"}],"version-history":[{"count":12,"href":"https:\/\/sunsurfalacati.com\/tr\/wp-json\/wp\/v2\/pages\/6351\/revisions"}],"predecessor-version":[{"id":6390,"href":"https:\/\/sunsurfalacati.com\/tr\/wp-json\/wp\/v2\/pages\/6351\/revisions\/6390"}],"wp:attachment":[{"href":"https:\/\/sunsurfalacati.com\/tr\/wp-json\/wp\/v2\/media?parent=6351"}],"curies":[{"name":"wp","href":"https:\/\/api.w.org\/{rel}","templated":true}]}}