{"id":5666,"date":"2025-02-17T11:13:23","date_gmt":"2025-02-17T11:13:23","guid":{"rendered":"https:\/\/sunsurfalacati.com\/wingfoiling\/"},"modified":"2025-05-21T14:05:59","modified_gmt":"2025-05-21T14:05:59","slug":"wingfoiling","status":"publish","type":"page","link":"https:\/\/sunsurfalacati.com\/tr\/wingfoiling\/","title":{"rendered":"Wingfoil"},"content":{"rendered":"<div class=\"wpb-content-wrapper\">[vc_row][vc_column width=&#8221;1\/2&#8243;][gt3_spacing height=&#8221;32px&#8221;][gt3_custom_text text_color=&#8221;#000000&#8243; font_size=&#8221;30&#8243; line_height=&#8221;155&#8243;]<strong>Neden Wingfoil?<\/strong>[\/gt3_custom_text][gt3_spacing height=&#8221;32px&#8221;][gt3_custom_text text_color=&#8221;#737d84&#8243; font_size=&#8221;16&#8243; line_height=&#8221;190&#8243;]T\u00fcrkiye&#8217;nin Ege k\u0131y\u0131lar\u0131nda yer alan SUN SURF ALA\u00c7ATI, m\u00fckemmel r\u00fczgar ko\u015fullar\u0131, s\u0131\u011f sular\u0131 ve muhte\u015fem manzaras\u0131 ile kanat kanad\u0131 i\u00e7in en iyi destinasyondur. \u00d6zellikle May\u0131s&#8217;tan Ekim&#8217;e kadar s\u00fcrekli termal r\u00fczgarlar\u0131n tad\u0131n\u0131 \u00e7\u0131karacaks\u0131n\u0131z. Bu da buray\u0131 t\u00fcm beceri seviyelerinde wingfoiling i\u00e7in m\u00fckemmel hale getirmektedir.[\/gt3_custom_text][\/vc_column][vc_column width=&#8221;1\/2&#8243;][\/vc_column][\/vc_row][vc_row][vc_column width=&#8221;1\/2&#8243;][gt3_spacing height=&#8221;32px&#8221;][gt3_custom_text text_color=&#8221;#737d84&#8243; font_size=&#8221;16&#8243; line_height=&#8221;190&#8243;]\u0130ster acemi ister deneyimli bir binici olun, SUN SURF ALACATI d\u00fcnyan\u0131n en g\u00fczel manzaral\u0131 noktalar\u0131ndan birinde unutulmaz bir wingfoiling deneyimi sunuyor![\/gt3_custom_text][gt3_spacing height=&#8221;32px&#8221;][gt3_custom_text text_color=&#8221;#737d84&#8243;]<strong>Gelin ve Sudaki Gibi Siz de Kat\u0131l\u0131n!<\/strong>[\/gt3_custom_text][gt3_spacing height=&#8221;50px&#8221;][\/vc_column][vc_column width=&#8221;1\/2&#8243;][\/vc_column][\/vc_row][vc_row full_width=&#8221;stretch_row&#8221; css=&#8221;.vc_custom_1526458951439{background-color: #28323e !important;}&#8221;][vc_column][gt3_spacing height=&#8221;57px&#8221; responsive_es=&#8221;true&#8221; height_mobile=&#8221;32&#8243;][vc_row_inner][vc_column_inner width=&#8221;7\/12&#8243;][gt3_custom_text text_color=&#8221;#ffffff&#8221; font_size=&#8221;30&#8243; line_height=&#8221;100&#8243;]\n<h5><strong>Wingfoil Derslerimiz<\/strong><\/h5>\n[\/gt3_custom_text][\/vc_column_inner][vc_column_inner width=&#8221;5\/12&#8243;][gt3_custom_text text_color=&#8221;#909aa3&#8243; font_size=&#8221;16&#8243;]\n<p style=\"text-align: right;\"><a href=\"http:\/\/sunsurfalacati.com\/lessons\/\"><span class=\"gt3_highlighter\" style=\";color: #dd6666;\">T\u00fcm\u00fcn\u00fc G\u00f6r\u00fcnt\u00fcle \u2192<\/span><\/a><\/p>\n[\/gt3_custom_text][\/vc_column_inner][\/vc_row_inner][gt3_spacing height=&#8221;22px&#8221;][gt3_custom_text text_color=&#8221;#c9d4dc&#8221; font_size=&#8221;16&#8243; line_height=&#8221;190&#8243;]<span>Suyun tad\u0131n\u0131 \u00e7\u0131karmak i\u00e7in heyecan verici bir yol mu ar\u0131yorsunuz? S\u00f6rf derslerimiz yeni ba\u015flayanlar ve ileri d\u00fczey s\u00fcr\u00fcc\u00fcler i\u00e7in m\u00fckemmeldir. \u0130ster bu sporda yeni olun, ister tekni\u011finizi geli\u015ftirmek isteyin. Deneyimli e\u011fitmenlerimiz her ad\u0131mda size rehberlik edecektir.\u00a0<\/span><strong>Su \u00fczerinde unutulmaz bir deneyim i\u00e7in bize kat\u0131l\u0131n!<\/strong>[\/gt3_custom_text][gt3_spacing height=&#8221;44px&#8221;]<div class=\"gt3_practice_list module_on_dark\"><div class=\"gt3_practice_list__posts-container row \"><article class=\"gt3_practice_list__item span4 item_31 item_34\"><div class=\"gt3_practice_list__image-holder\"><a href=\"https:\/\/sunsurfalacati.com\/tr\/practice\/cocuklar-icin-dersler\/\" class=\"gt3_practice_list__image_link\"><img decoding=\"async\"  src=\"https:\/\/sunsurfalacati.com\/wp-content\/uploads\/2020\/05\/sunsurf-kids-lesson-e1752305628647-780x592.jpg\" alt=\"\u00c7ocuklar i\u00e7in Dersler\" \/><\/a><div class=\"icon-link\"><i class=\"\"><\/i><\/div><\/div><div class=\"gt3_practice_list__content\"><h4 class=\"gt3_practice_list__title\">\u00c7ocuklar i\u00e7in Dersler<\/h4><div class=\"gt3_practice_list__text\">\u00c7ocuklar\u0131n\u0131za sadece profesyonel e\u011fitmenler ve ekipmanlarla e\u011fitim verece\u011fiz. 2'den 6 ki\u015fiye kadar grup...<\/div><a href=\"https:\/\/sunsurfalacati.com\/tr\/practice\/cocuklar-icin-dersler\/\" class=\"gt3_practice_list__link learn_more\">Learn More<span><\/span><\/a><\/div><\/article><article class=\"gt3_practice_list__item span4 item_31 item_40 item_44\"><div class=\"gt3_practice_list__image-holder\"><a href=\"https:\/\/sunsurfalacati.com\/tr\/practice\/grup-dersleri\/\" class=\"gt3_practice_list__image_link\"><img decoding=\"async\"  src=\"https:\/\/sunsurfalacati.com\/wp-content\/uploads\/2025\/02\/sun-surf-kite-surf-780x592.jpg\" alt=\"Grup Dersleri\" \/><\/a><div class=\"icon-link\"><i class=\"\"><\/i><\/div><\/div><div class=\"gt3_practice_list__content\"><h4 class=\"gt3_practice_list__title\">Grup Dersleri<\/h4><div class=\"gt3_practice_list__text\">\u00d6zel grup derslerimiz 2 veya daha fazla ki\u015filik gruplar i\u00e7indir Derslerimiz, s\u00f6rf sporuna h\u0131zl\u0131 bir...<\/div><a href=\"https:\/\/sunsurfalacati.com\/tr\/practice\/grup-dersleri\/\" class=\"gt3_practice_list__link learn_more\">Learn More<span><\/span><\/a><\/div><\/article><article class=\"gt3_practice_list__item span4 item_31 item_40\"><div class=\"gt3_practice_list__image-holder\"><a href=\"https:\/\/sunsurfalacati.com\/tr\/practice\/ozel-dersler\/\" class=\"gt3_practice_list__image_link\"><img decoding=\"async\"  src=\"https:\/\/sunsurfalacati.com\/wp-content\/uploads\/2025\/05\/wingfoil_sunsurf-780x592.jpg\" alt=\"\u00d6zel Dersler\" \/><\/a><div class=\"icon-link\"><i class=\"\"><\/i><\/div><\/div><div class=\"gt3_practice_list__content\"><h4 class=\"gt3_practice_list__title\">\u00d6zel Dersler<\/h4><div class=\"gt3_practice_list__text\">Ayr\u0131ca, \u00f6\u011frencilerin bir e\u011fitmenle bire bir \u00e7al\u0131\u015fmas\u0131na olanak tan\u0131yan ve \u00f6\u011frencinin \u00f6zel ihtiya\u00e7lar\u0131na...<\/div><a href=\"https:\/\/sunsurfalacati.com\/tr\/practice\/ozel-dersler\/\" class=\"gt3_practice_list__link learn_more\">Learn More<span><\/span><\/a><\/div><\/article><\/div><\/div>[gt3_spacing height=&#8221;30px&#8221; responsive_es=&#8221;true&#8221; height_mobile=&#8221;0px&#8221;][\/vc_column][\/vc_row]\n<\/div>","protected":false},"excerpt":{"rendered":"<p>[vc_row][vc_column width=&#8221;1\/2&#8243;][gt3_spacing height=&#8221;32px&#8221;][gt3_custom_text text_color=&#8221;#000000&#8243; font_size=&#8221;30&#8243; line_height=&#8221;155&#8243;]Neden Wingfoil?[\/gt3_custom_text][gt3_spacing height=&#8221;32px&#8221;][gt3_custom_text text_color=&#8221;#737d84&#8243; font_size=&#8221;16&#8243; line_height=&#8221;190&#8243;]T\u00fcrkiye&#8217;nin Ege k\u0131y\u0131lar\u0131nda yer alan SUN SURF ALA\u00c7ATI, m\u00fckemmel r\u00fczgar ko\u015fullar\u0131, s\u0131\u011f sular\u0131 ve muhte\u015fem manzaras\u0131 ile kanat kanad\u0131 i\u00e7in en iyi destinasyondur. \u00d6zellikle May\u0131s&#8217;tan Ekim&#8217;e kadar s\u00fcrekli termal r\u00fczgarlar\u0131n tad\u0131n\u0131 \u00e7\u0131karacaks\u0131n\u0131z. Bu da buray\u0131 t\u00fcm beceri seviyelerinde wingfoiling i\u00e7in m\u00fckemmel hale getirmektedir.[\/gt3_custom_text][\/vc_column][vc_column width=&#8221;1\/2&#8243;][\/vc_column][\/vc_row][vc_row][vc_column width=&#8221;1\/2&#8243;][gt3_spacing [&hellip;]<\/p>\n","protected":false},"author":1,"featured_media":0,"parent":0,"menu_order":0,"comment_status":"closed","ping_status":"closed","template":"","meta":{"footnotes":""},"class_list":["post-5666","page","type-page","status-publish","hentry"],"_links":{"self":[{"href":"https:\/\/sunsurfalacati.com\/tr\/wp-json\/wp\/v2\/pages\/5666","targetHints":{"allow":["GET"]}}],"collection":[{"href":"https:\/\/sunsurfalacati.com\/tr\/wp-json\/wp\/v2\/pages"}],"about":[{"href":"https:\/\/sunsurfalacati.com\/tr\/wp-json\/wp\/v2\/types\/page"}],"author":[{"embeddable":true,"href":"https:\/\/sunsurfalacati.com\/tr\/wp-json\/wp\/v2\/users\/1"}],"replies":[{"embeddable":true,"href":"https:\/\/sunsurfalacati.com\/tr\/wp-json\/wp\/v2\/comments?post=5666"}],"version-history":[{"count":14,"href":"https:\/\/sunsurfalacati.com\/tr\/wp-json\/wp\/v2\/pages\/5666\/revisions"}],"predecessor-version":[{"id":6143,"href":"https:\/\/sunsurfalacati.com\/tr\/wp-json\/wp\/v2\/pages\/5666\/revisions\/6143"}],"wp:attachment":[{"href":"https:\/\/sunsurfalacati.com\/tr\/wp-json\/wp\/v2\/media?parent=5666"}],"curies":[{"name":"wp","href":"https:\/\/api.w.org\/{rel}","templated":true}]}}