{"id":5643,"date":"2025-02-17T11:13:23","date_gmt":"2025-02-17T11:13:23","guid":{"rendered":"https:\/\/sunsurfalacati.com\/standup-kurek\/"},"modified":"2026-01-29T18:02:42","modified_gmt":"2026-01-29T18:02:42","slug":"standup-kurek","status":"publish","type":"page","link":"https:\/\/sunsurfalacati.com\/tr\/standup-kurek\/","title":{"rendered":"Standup Paddle"},"content":{"rendered":"<div class=\"wpb-content-wrapper\">[vc_row][vc_column width=&#8221;1\/2&#8243;][gt3_spacing height=&#8221;32px&#8221;][gt3_custom_text text_color=&#8221;#000000&#8243; font_size=&#8221;30&#8243; line_height=&#8221;155&#8243;]<strong>Neden Standup Paddle?<\/strong>[\/gt3_custom_text][gt3_spacing height=&#8221;32px&#8221;][\/vc_column][vc_column width=&#8221;1\/2&#8243;][\/vc_column][\/vc_row][vc_row][vc_column width=&#8221;1\/2&#8243;][gt3_custom_text text_color=&#8221;#737d84&#8243;]T\u00fcrkiyes \u00c7e\u015fme Yar\u0131madas\u0131&#8217;nda yer alan SUN SURF ALA\u00c7ATI, stand-up paddleboard (SUP) dahil olmak \u00fczere su sporlar\u0131 merakl\u0131lar\u0131 i\u00e7in bir cennettir. Kristal berrakl\u0131\u011f\u0131ndaki sular\u0131, yumu\u015fak dalgalar\u0131 ve sabit r\u00fczgarlar\u0131 ile hem yeni ba\u015flayanlar hem de deneyimli k\u00fcrek\u00e7iler i\u00e7in m\u00fckemmel bir ortam sunmaktad\u0131r. [\/gt3_custom_text][gt3_spacing height=&#8221;32px&#8221;][gt3_custom_text text_color=&#8221;#737d84&#8243;]Sabah\u0131n erken saatleri ve \u00f6\u011fleden sonra ge\u00e7 saatler k\u00fcrek s\u00f6rf\u00fc i\u00e7in m\u00fckemmel ko\u015fullar sa\u011flar.<\/p>\n<p>\u0130ster huzurlu bir k\u00fcrek \u00e7ekme deneyimi ister maceral\u0131 bir tur ar\u0131yor olun, SUN SURF ALA\u00c7ATI stand-up k\u00fcrek s\u00f6rf\u00fc i\u00e7in en iyi destinasyondur![\/gt3_custom_text][gt3_spacing height=&#8221;32px&#8221;][gt3_custom_text text_color=&#8221;#737d84&#8243;]<strong>Gelin ve Suda Bize Kat\u0131l\u0131n!<\/strong>[\/gt3_custom_text][gt3_spacing height=&#8221;50 px&#8221;][\/vc_column][vc_column width=&#8221;1\/2&#8243;][\/vc_column][\/vc_row][vc_row full_width=&#8221;stretch_row&#8221; css=&#8221;.vc_custom_1526458951439{background-color: #28323e !important;}&#8221;][vc_column][gt3_spacing height=&#8221;57px&#8221; responsive_es=&#8221;true&#8221; height_mobile=&#8221;32&#8243;][vc_row_inner][vc_column_inner width=&#8221;7\/12&#8243;][gt3_custom_text text_color=&#8221;#ffffff&#8221; font_size=&#8221;30&#8243; line_height=&#8221;100&#8243;]<strong>Standup Paddle Derslerimiz<\/strong>[\/gt3_custom_text][\/vc_column_inner][vc_column_inner width=&#8221;5\/12&#8243;][gt3_custom_text text_color=&#8221;#909aa3&#8243; font_size=&#8221;16&#8243;]\n<p style=\"text-align: right;\"><a href=\"http:\/\/sunsurfalacati.com\/lessons\/\"><span class=\"gt3_highlighter\" style=\";color: #dd6666;\">T\u00fcm\u00fcn\u00fc G\u00f6r\u00fcnt\u00fcle \u2192<\/span><\/a><\/p>\n[\/gt3_custom_text][\/vc_column_inner][\/vc_row_inner][gt3_spacing height=&#8221;22px&#8221;][gt3_custom_text text_color=&#8221;#c9d4dc&#8221; font_size=&#8221;16&#8243; line_height=&#8221;190&#8243;]<span>Suyun tad\u0131n\u0131 \u00e7\u0131karmak i\u00e7in heyecan verici bir yol mu ar\u0131yorsunuz? S\u00f6rf derslerimiz yeni ba\u015flayanlar ve ileri d\u00fczey s\u00fcr\u00fcc\u00fcler i\u00e7in m\u00fckemmeldir. \u0130ster bu sporda yeni olun, ister tekni\u011finizi geli\u015ftirmek isteyin. Deneyimli e\u011fitmenlerimiz her ad\u0131mda size rehberlik edecektir.     <\/span><strong>Su \u00fczerinde unutulmaz bir deneyim i\u00e7in bize kat\u0131l\u0131n!<\/strong>[\/gt3_custom_text][gt3_spacing height=&#8221;44px&#8221;]<div class=\"gt3_practice_list module_on_dark\"><div class=\"gt3_practice_list__posts-container row \"><article class=\"gt3_practice_list__item span4 item_31 item_34\"><div class=\"gt3_practice_list__image-holder\"><a href=\"https:\/\/sunsurfalacati.com\/tr\/practice\/cocuklar-icin-dersler\/\" class=\"gt3_practice_list__image_link\"><img decoding=\"async\"  src=\"https:\/\/sunsurfalacati.com\/wp-content\/uploads\/2020\/05\/sunsurf-kids-lesson-e1752305628647-780x592.jpg\" alt=\"\u00c7ocuklar i\u00e7in Dersler\" \/><\/a><div class=\"icon-link\"><i class=\"\"><\/i><\/div><\/div><div class=\"gt3_practice_list__content\"><h4 class=\"gt3_practice_list__title\">\u00c7ocuklar i\u00e7in Dersler<\/h4><div class=\"gt3_practice_list__text\">\u00c7ocuklar\u0131n\u0131za sadece profesyonel e\u011fitmenler ve ekipmanlarla e\u011fitim verece\u011fiz. 2'den 6 ki\u015fiye kadar grup...<\/div><a href=\"https:\/\/sunsurfalacati.com\/tr\/practice\/cocuklar-icin-dersler\/\" class=\"gt3_practice_list__link learn_more\">Learn More<span><\/span><\/a><\/div><\/article><article class=\"gt3_practice_list__item span4 item_31 item_40 item_44\"><div class=\"gt3_practice_list__image-holder\"><a href=\"https:\/\/sunsurfalacati.com\/tr\/practice\/grup-dersleri\/\" class=\"gt3_practice_list__image_link\"><img decoding=\"async\"  src=\"https:\/\/sunsurfalacati.com\/wp-content\/uploads\/2025\/02\/sun-surf-kite-surf-780x592.jpg\" alt=\"Grup Dersleri\" \/><\/a><div class=\"icon-link\"><i class=\"\"><\/i><\/div><\/div><div class=\"gt3_practice_list__content\"><h4 class=\"gt3_practice_list__title\">Grup Dersleri<\/h4><div class=\"gt3_practice_list__text\">\u00d6zel grup derslerimiz 2 veya daha fazla ki\u015filik gruplar i\u00e7indir Derslerimiz, s\u00f6rf sporuna h\u0131zl\u0131 bir...<\/div><a href=\"https:\/\/sunsurfalacati.com\/tr\/practice\/grup-dersleri\/\" class=\"gt3_practice_list__link learn_more\">Learn More<span><\/span><\/a><\/div><\/article><article class=\"gt3_practice_list__item span4 item_31 item_40\"><div class=\"gt3_practice_list__image-holder\"><a href=\"https:\/\/sunsurfalacati.com\/tr\/practice\/ozel-dersler\/\" class=\"gt3_practice_list__image_link\"><img decoding=\"async\"  src=\"https:\/\/sunsurfalacati.com\/wp-content\/uploads\/2025\/05\/wingfoil_sunsurf-780x592.jpg\" alt=\"\u00d6zel Dersler\" \/><\/a><div class=\"icon-link\"><i class=\"\"><\/i><\/div><\/div><div class=\"gt3_practice_list__content\"><h4 class=\"gt3_practice_list__title\">\u00d6zel Dersler<\/h4><div class=\"gt3_practice_list__text\">Ayr\u0131ca, \u00f6\u011frencilerin bir e\u011fitmenle bire bir \u00e7al\u0131\u015fmas\u0131na olanak tan\u0131yan ve \u00f6\u011frencinin \u00f6zel ihtiya\u00e7lar\u0131na...<\/div><a href=\"https:\/\/sunsurfalacati.com\/tr\/practice\/ozel-dersler\/\" class=\"gt3_practice_list__link learn_more\">Learn More<span><\/span><\/a><\/div><\/article><\/div><\/div>[gt3_spacing height=&#8221;30px&#8221; responsive_es=&#8221;true&#8221; height_mobile=&#8221;0px&#8221;][\/vc_column][\/vc_row]\n<\/div>","protected":false},"excerpt":{"rendered":"<p>[vc_row][vc_column width=&#8221;1\/2&#8243;][gt3_spacing height=&#8221;32px&#8221;][gt3_custom_text text_color=&#8221;#000000&#8243; font_size=&#8221;30&#8243; line_height=&#8221;155&#8243;]Neden Standup Paddle?[\/gt3_custom_text][gt3_spacing height=&#8221;32px&#8221;][\/vc_column][vc_column width=&#8221;1\/2&#8243;][\/vc_column][\/vc_row][vc_row][vc_column width=&#8221;1\/2&#8243;][gt3_custom_text text_color=&#8221;#737d84&#8243;]T\u00fcrkiyes \u00c7e\u015fme Yar\u0131madas\u0131&#8217;nda yer alan SUN SURF ALA\u00c7ATI, stand-up paddleboard (SUP) dahil olmak \u00fczere su sporlar\u0131 merakl\u0131lar\u0131 i\u00e7in bir cennettir. Kristal berrakl\u0131\u011f\u0131ndaki sular\u0131, yumu\u015fak dalgalar\u0131 ve sabit r\u00fczgarlar\u0131 ile hem yeni ba\u015flayanlar hem de deneyimli k\u00fcrek\u00e7iler i\u00e7in m\u00fckemmel bir ortam sunmaktad\u0131r. [\/gt3_custom_text][gt3_spacing height=&#8221;32px&#8221;][gt3_custom_text text_color=&#8221;#737d84&#8243;]Sabah\u0131n [&hellip;]<\/p>\n","protected":false},"author":1,"featured_media":0,"parent":0,"menu_order":0,"comment_status":"closed","ping_status":"closed","template":"","meta":{"footnotes":""},"class_list":["post-5643","page","type-page","status-publish","hentry"],"_links":{"self":[{"href":"https:\/\/sunsurfalacati.com\/tr\/wp-json\/wp\/v2\/pages\/5643","targetHints":{"allow":["GET"]}}],"collection":[{"href":"https:\/\/sunsurfalacati.com\/tr\/wp-json\/wp\/v2\/pages"}],"about":[{"href":"https:\/\/sunsurfalacati.com\/tr\/wp-json\/wp\/v2\/types\/page"}],"author":[{"embeddable":true,"href":"https:\/\/sunsurfalacati.com\/tr\/wp-json\/wp\/v2\/users\/1"}],"replies":[{"embeddable":true,"href":"https:\/\/sunsurfalacati.com\/tr\/wp-json\/wp\/v2\/comments?post=5643"}],"version-history":[{"count":6,"href":"https:\/\/sunsurfalacati.com\/tr\/wp-json\/wp\/v2\/pages\/5643\/revisions"}],"predecessor-version":[{"id":6302,"href":"https:\/\/sunsurfalacati.com\/tr\/wp-json\/wp\/v2\/pages\/5643\/revisions\/6302"}],"wp:attachment":[{"href":"https:\/\/sunsurfalacati.com\/tr\/wp-json\/wp\/v2\/media?parent=5643"}],"curies":[{"name":"wp","href":"https:\/\/api.w.org\/{rel}","templated":true}]}}