{"id":5584,"date":"2017-01-18T09:47:33","date_gmt":"2017-01-18T09:47:33","guid":{"rendered":"https:\/\/sunsurfalacati.com\/hakkimizda\/"},"modified":"2025-03-27T07:14:01","modified_gmt":"2025-03-27T07:14:01","slug":"hakkimizda","status":"publish","type":"page","link":"https:\/\/sunsurfalacati.com\/tr\/hakkimizda\/","title":{"rendered":"Hakk\u0131m\u0131zda"},"content":{"rendered":"<div class=\"wpb-content-wrapper\">[vc_row full_width=&#8221;stretch_row&#8221; column_separator_row=&#8221;&#8221; css=&#8221;.vc_custom_1739480487059{margin-top: -80px !important;background-position: center !important;background-repeat: no-repeat !important;background-size: cover !important;}&#8221;][vc_column width=&#8221;1\/2&#8243;][gt3_spacing height=&#8221;80px&#8221; responsive_es=&#8221;true&#8221; height_mobile=&#8221;0px&#8221;][gt3_custom_text text_color=&#8221;#27323d&#8221; font_size=&#8221;30&#8243; line_height=&#8221;160&#8243;]<b>Bizim hikayemiz<\/b>[\/gt3_custom_text][gt3_spacing height=&#8221;18px&#8221;][gt3_custom_text text_color=&#8221;#28323e&#8221; font_size=&#8221;16&#8243; line_height=&#8221;190&#8243;]SUN SURF ALA\u00c7ATI&#8217;ya ho\u015f geldiniz! Benim ad\u0131m Apo. T\u00fcrkiye&#8217;nin do\u011fusunda Mardin&#8217;de b\u00fcy\u00fcd\u00fcm. \u00c7ocukken bile en b\u00fcy\u00fck hayalim denizi g\u00f6rmek ve dalgalar\u0131n sesini duymakt\u0131. \u015eimdi bu sesin hayat\u0131m\u0131n bir par\u00e7as\u0131 oldu\u011funu s\u00f6yleyebilirim. Yirmi y\u0131l\u0131 a\u015fk\u0131n s\u00fcredir d\u00fcnyan\u0131n d\u00f6rt bir yan\u0131nda \u00f6\u011fretmenlik yap\u0131yor ve tutkumu yeni nesillerle payla\u015f\u0131yorum.[\/gt3_custom_text][gt3_spacing height=&#8221;17px&#8221;][gt3_custom_text text_color=&#8221;#28323e&#8221; font_size=&#8221;16&#8243; line_height=&#8221;190&#8243;]Suyun \u00fczerinde u\u00e7an bir kelebek olmaktan daha iyi bir his olmad\u0131\u011f\u0131n\u0131 s\u00f6yleyebilirim. Elementlere ba\u011fl\u0131 olmak. \u00c7\u00fcnk\u00fc benim i\u00e7in hayat\u0131n anlam\u0131, ger\u00e7ek \u00f6zg\u00fcrl\u00fc\u011f\u00fc bulabilece\u011finiz do\u011fan\u0131n i\u00e7ine girmektir.[\/gt3_custom_text][gt3_spacing height=&#8221;40px&#8221;][gt3_custom_text text_color=&#8221;#000000&#8243; font_size=&#8221;16&#8243; line_height=&#8221;190&#8243;]Bu y\u0131l hayalimi ger\u00e7ekle\u015ftiriyorum ve ortaklar\u0131mla birlikte T\u00fcrkiye&#8217;nin bat\u0131 k\u0131y\u0131s\u0131nda, s\u00f6rf \u00f6\u011frenmek ve geli\u015ftirmek i\u00e7in en iyi noktalardan biri olan Ala\u00e7at\u0131&#8217;da kendi s\u00f6rf merkezimi a\u00e7\u0131yorum. Sonu\u00e7 olarak \u015funu s\u00f6yleyebilirim ki bir hayal kurmak i\u00e7in hi\u00e7bir zaman ge\u00e7 de\u011fildir, sadece onu takip etmeniz gerekir.[\/gt3_custom_text][gt3_custom_text text_color=&#8221;#000000&#8243; font_size=&#8221;16&#8243; line_height=&#8221;190&#8243;]<strong>Seni bekliyorum. Gel ve Suda bana kat\u0131l. <\/strong>[\/gt3_custom_text][gt3_spacing height=&#8221;120px&#8221; responsive_es=&#8221;true&#8221; height_mobile=&#8221;60&#8243;][\/vc_column][vc_column width=&#8221;1\/2&#8243;][gt3_spacing height=&#8221;120px&#8221;][gt3_custom_text text_color=&#8221;#737d84&#8243;]<iframe loading=\"lazy\" title=\"Mardin&#039;den Okyanuslara Uzanan Bir Yol | ABDURRAH\u0130M KORKMAZ | TEDx\u0130K\u00dc\" width=\"940\" height=\"529\" src=\"https:\/\/www.youtube.com\/embed\/mKGCIZ6c1Rc?feature=oembed\" frameborder=\"0\" allow=\"accelerometer; autoplay; clipboard-write; encrypted-media; gyroscope; picture-in-picture; web-share\" referrerpolicy=\"strict-origin-when-cross-origin\" allowfullscreen><\/iframe>[\/gt3_custom_text][\/vc_column][\/vc_row][vc_row full_width=&#8221;stretch_row&#8221; css=&#8221;.vc_custom_1526458951439{background-color: #28323e !important;}&#8221;][vc_column][gt3_spacing height=&#8221;57px&#8221; responsive_es=&#8221;true&#8221; height_mobile=&#8221;32&#8243;][vc_row_inner][vc_column_inner width=&#8221;7\/12&#8243;][gt3_custom_text text_color=&#8221;#ffffff&#8221; font_size=&#8221;30&#8243; line_height=&#8221;100&#8243;]<strong>Derslerimiz<\/strong>[\/gt3_custom_text][\/vc_column_inner][vc_column_inner width=&#8221;5\/12&#8243;][gt3_custom_text text_color=&#8221;#909aa3&#8243; font_size=&#8221;16&#8243;]\n<p style=\"text-align: right;\"><a href=\"http:\/\/sunsurfalacati.com\/lessons\/\"><span class=\"gt3_highlighter\" style=\";color: #dd6666;\">T\u00fcm\u00fcn\u00fc G\u00f6r\u00fcnt\u00fcle \u2192<\/span><\/a><\/p>\n[\/gt3_custom_text][\/vc_column_inner][\/vc_row_inner][gt3_spacing height=&#8221;22px&#8221;][gt3_custom_text text_color=&#8221;#c9d4dc&#8221; font_size=&#8221;16&#8243; line_height=&#8221;190&#8243;]<span>Suyun tad\u0131n\u0131 \u00e7\u0131karmak i\u00e7in heyecan verici bir yol mu ar\u0131yorsunuz? S\u00f6rf derslerimiz yeni ba\u015flayanlar ve ileri d\u00fczey s\u00fcr\u00fcc\u00fcler i\u00e7in m\u00fckemmeldir. \u0130ster bu sporda yeni olun, ister tekni\u011finizi geli\u015ftirmek isteyin. Deneyimli e\u011fitmenlerimiz her ad\u0131mda size rehberlik edecektir.\u00a0<\/span><strong>Su \u00fczerinde unutulmaz bir deneyim i\u00e7in bize kat\u0131l\u0131n!<\/strong>[\/gt3_custom_text][gt3_spacing height=&#8221;44px&#8221;]<div class=\"gt3_practice_list module_on_dark\"><div class=\"gt3_practice_list__posts-container row \"><article class=\"gt3_practice_list__item span4 item_31 item_34\"><div class=\"gt3_practice_list__image-holder\"><a href=\"https:\/\/sunsurfalacati.com\/tr\/practice\/cocuklar-icin-dersler\/\" class=\"gt3_practice_list__image_link\"><img decoding=\"async\"  src=\"https:\/\/sunsurfalacati.com\/wp-content\/uploads\/2020\/05\/sunsurf-kids-lesson-e1752305628647-780x592.jpg\" alt=\"\u00c7ocuklar i\u00e7in Dersler\" \/><\/a><div class=\"icon-link\"><i class=\"\"><\/i><\/div><\/div><div class=\"gt3_practice_list__content\"><h4 class=\"gt3_practice_list__title\">\u00c7ocuklar i\u00e7in Dersler<\/h4><div class=\"gt3_practice_list__text\">\u00c7ocuklar\u0131n\u0131za sadece profesyonel e\u011fitmenler ve ekipmanlarla e\u011fitim verece\u011fiz. 2'den 6 ki\u015fiye kadar grup...<\/div><a href=\"https:\/\/sunsurfalacati.com\/tr\/practice\/cocuklar-icin-dersler\/\" class=\"gt3_practice_list__link learn_more\">Learn More<span><\/span><\/a><\/div><\/article><article class=\"gt3_practice_list__item span4 item_31 item_40 item_44\"><div class=\"gt3_practice_list__image-holder\"><a href=\"https:\/\/sunsurfalacati.com\/tr\/practice\/grup-dersleri\/\" class=\"gt3_practice_list__image_link\"><img decoding=\"async\"  src=\"https:\/\/sunsurfalacati.com\/wp-content\/uploads\/2025\/02\/sun-surf-kite-surf-780x592.jpg\" alt=\"Grup Dersleri\" \/><\/a><div class=\"icon-link\"><i class=\"\"><\/i><\/div><\/div><div class=\"gt3_practice_list__content\"><h4 class=\"gt3_practice_list__title\">Grup Dersleri<\/h4><div class=\"gt3_practice_list__text\">\u00d6zel grup derslerimiz 2 veya daha fazla ki\u015filik gruplar i\u00e7indir Derslerimiz, s\u00f6rf sporuna h\u0131zl\u0131 bir...<\/div><a href=\"https:\/\/sunsurfalacati.com\/tr\/practice\/grup-dersleri\/\" class=\"gt3_practice_list__link learn_more\">Learn More<span><\/span><\/a><\/div><\/article><article class=\"gt3_practice_list__item span4 item_31 item_40\"><div class=\"gt3_practice_list__image-holder\"><a href=\"https:\/\/sunsurfalacati.com\/tr\/practice\/ozel-dersler\/\" class=\"gt3_practice_list__image_link\"><img decoding=\"async\"  src=\"https:\/\/sunsurfalacati.com\/wp-content\/uploads\/2025\/05\/wingfoil_sunsurf-780x592.jpg\" alt=\"\u00d6zel Dersler\" \/><\/a><div class=\"icon-link\"><i class=\"\"><\/i><\/div><\/div><div class=\"gt3_practice_list__content\"><h4 class=\"gt3_practice_list__title\">\u00d6zel Dersler<\/h4><div class=\"gt3_practice_list__text\">Ayr\u0131ca, \u00f6\u011frencilerin bir e\u011fitmenle bire bir \u00e7al\u0131\u015fmas\u0131na olanak tan\u0131yan ve \u00f6\u011frencinin \u00f6zel ihtiya\u00e7lar\u0131na...<\/div><a href=\"https:\/\/sunsurfalacati.com\/tr\/practice\/ozel-dersler\/\" class=\"gt3_practice_list__link learn_more\">Learn More<span><\/span><\/a><\/div><\/article><\/div><\/div>[gt3_spacing height=&#8221;30px&#8221; responsive_es=&#8221;true&#8221; height_mobile=&#8221;0px&#8221;][\/vc_column][\/vc_row][vc_row full_width=&#8221;stretch_row&#8221; equal_height=&#8221;yes&#8221; content_placement=&#8221;middle&#8221; el_class=&#8221;gt3_brands_list&#8221; css=&#8221;.vc_custom_1526454970407{background-color: #28323e !important;}&#8221;][vc_column width=&#8221;1\/4&#8243;][gt3_spacing height=&#8221;7px&#8221;][gt3_spacing height=&#8221;102px&#8221; responsive_es=&#8221;true&#8221; height_mobile=&#8221;0px&#8221;][\/vc_column][vc_column width=&#8221;1\/4&#8243;][gt3_spacing height=&#8221;7px&#8221;][gt3_spacing height=&#8221;102px&#8221; responsive_es=&#8221;true&#8221; height_mobile=&#8221;0px&#8221;][\/vc_column][vc_column width=&#8221;1\/4&#8243;][gt3_spacing height=&#8221;7px&#8221;][gt3_spacing height=&#8221;102px&#8221; responsive_es=&#8221;true&#8221; height_mobile=&#8221;0px&#8221;][\/vc_column][vc_column width=&#8221;1\/4&#8243;][gt3_spacing height=&#8221;7px&#8221;][gt3_spacing height=&#8221;102px&#8221; responsive_es=&#8221;true&#8221; height_mobile=&#8221;50&#8243;][\/vc_column][\/vc_row]\n<\/div>","protected":false},"excerpt":{"rendered":"<p>[vc_row full_width=&#8221;stretch_row&#8221; column_separator_row=&#8221;&#8221; css=&#8221;.vc_custom_1739480487059{margin-top: -80px !important;background-position: center !important;background-repeat: no-repeat !important;background-size: cover !important;}&#8221;][vc_column width=&#8221;1\/2&#8243;][gt3_spacing height=&#8221;80px&#8221; responsive_es=&#8221;true&#8221; height_mobile=&#8221;0px&#8221;][gt3_custom_text text_color=&#8221;#27323d&#8221; font_size=&#8221;30&#8243; line_height=&#8221;160&#8243;]Bizim hikayemiz[\/gt3_custom_text][gt3_spacing height=&#8221;18px&#8221;][gt3_custom_text text_color=&#8221;#28323e&#8221; font_size=&#8221;16&#8243; line_height=&#8221;190&#8243;]SUN SURF ALA\u00c7ATI&#8217;ya ho\u015f geldiniz! Benim ad\u0131m Apo. T\u00fcrkiye&#8217;nin do\u011fusunda Mardin&#8217;de b\u00fcy\u00fcd\u00fcm. \u00c7ocukken bile en b\u00fcy\u00fck hayalim denizi g\u00f6rmek ve dalgalar\u0131n sesini duymakt\u0131. \u015eimdi bu sesin hayat\u0131m\u0131n bir par\u00e7as\u0131 oldu\u011funu s\u00f6yleyebilirim. Yirmi [&hellip;]<\/p>\n","protected":false},"author":1,"featured_media":0,"parent":0,"menu_order":0,"comment_status":"closed","ping_status":"closed","template":"full-width.php","meta":{"footnotes":""},"class_list":["post-5584","page","type-page","status-publish","hentry"],"_links":{"self":[{"href":"https:\/\/sunsurfalacati.com\/tr\/wp-json\/wp\/v2\/pages\/5584","targetHints":{"allow":["GET"]}}],"collection":[{"href":"https:\/\/sunsurfalacati.com\/tr\/wp-json\/wp\/v2\/pages"}],"about":[{"href":"https:\/\/sunsurfalacati.com\/tr\/wp-json\/wp\/v2\/types\/page"}],"author":[{"embeddable":true,"href":"https:\/\/sunsurfalacati.com\/tr\/wp-json\/wp\/v2\/users\/1"}],"replies":[{"embeddable":true,"href":"https:\/\/sunsurfalacati.com\/tr\/wp-json\/wp\/v2\/comments?post=5584"}],"version-history":[{"count":4,"href":"https:\/\/sunsurfalacati.com\/tr\/wp-json\/wp\/v2\/pages\/5584\/revisions"}],"predecessor-version":[{"id":5868,"href":"https:\/\/sunsurfalacati.com\/tr\/wp-json\/wp\/v2\/pages\/5584\/revisions\/5868"}],"wp:attachment":[{"href":"https:\/\/sunsurfalacati.com\/tr\/wp-json\/wp\/v2\/media?parent=5584"}],"curies":[{"name":"wp","href":"https:\/\/api.w.org\/{rel}","templated":true}]}}