{"id":6350,"date":"2026-04-29T18:10:01","date_gmt":"2026-04-29T18:10:01","guid":{"rendered":"https:\/\/sunsurfalacati.com\/ruckzugsorte\/"},"modified":"2026-04-29T19:24:44","modified_gmt":"2026-04-29T19:24:44","slug":"retreats","status":"publish","type":"page","link":"https:\/\/sunsurfalacati.com\/de\/retreats\/","title":{"rendered":"Retreats"},"content":{"rendered":"<div class=\"wpb-content-wrapper\">[vc_row][vc_column][gt3_custom_text text_color=&#8221;#27323d&#8221; font_size=&#8221;30&#8243;]\n<h3 style=\"text-align: center;\"><strong>Was wir f\u00fcr Sie anbieten<\/strong><\/h3>\n[\/gt3_custom_text][gt3_spacing height=&#8221;22px&#8221;][vc_row_inner][vc_column_inner width=&#8221;5\/6&#8243; offset=&#8221;vc_col-sm-offset-1&#8243;][gt3_custom_text text_color=&#8221;#737d84&#8243; font_size=&#8221;16&#8243; line_height=&#8221;190&#8243;]\n<p>Entfliehen Sie dem Alltag und tauchen Sie ein in ein einzigartiges Erlebnis auf dem Wasser ein. Unsere Retreats sind so konzipiert, dass Sie Abenteuer, Entspannung und pers\u00f6nliches Wachstum in einer inspirierenden nat\u00fcrlichen Umgebung verbinden.<\/p>\n<p style=\"text-align: left;\">\u00dcber das Windsurfen hinaus bieten unsere Retreats Raum, um neue Energie zu tanken. Beginnen Sie den Tag mit anregenden Bewegungseinheiten, entspannen Sie sich beim Sonnenuntergang und genie\u00dfen Sie Ihre Mahlzeiten in einer einladenden Atmosph\u00e4re. Wir konzentrieren uns darauf, ein Gleichgewicht zwischen Aktivit\u00e4t und Ruhe zu schaffen, so dass Sie erfrischt und inspiriert nach Hause zur\u00fcckkehren.<\/p>\n<p style=\"text-align: center;\"><strong>Kommen Sie zu uns!<\/strong><\/p>\n<h2 style=\"text-align: center;\"><strong>C O M I N G S O O N . . .<\/strong><\/h2>\n[\/gt3_custom_text][\/vc_column_inner][\/vc_row_inner]\n<\/div>","protected":false},"excerpt":{"rendered":"<p>[vc_row][vc_column][gt3_custom_text text_color=&#8221;#27323d&#8221; font_size=&#8221;30&#8243;] Was wir f\u00fcr Sie anbieten [\/gt3_custom_text][gt3_spacing height=&#8221;22px&#8221;][vc_row_inner][vc_column_inner width=&#8221;5\/6&#8243; offset=&#8221;vc_col-sm-offset-1&#8243;][gt3_custom_text text_color=&#8221;#737d84&#8243; font_size=&#8221;16&#8243; line_height=&#8221;190&#8243;] Entfliehen Sie dem Alltag und tauchen Sie ein in ein einzigartiges Erlebnis auf dem Wasser ein. Unsere Retreats sind so konzipiert, dass Sie Abenteuer, Entspannung und pers\u00f6nliches Wachstum in einer inspirierenden nat\u00fcrlichen Umgebung verbinden. \u00dcber das Windsurfen hinaus bieten unsere [&hellip;]<\/p>\n","protected":false},"author":1,"featured_media":0,"parent":0,"menu_order":0,"comment_status":"closed","ping_status":"closed","template":"","meta":{"footnotes":""},"class_list":["post-6350","page","type-page","status-publish","hentry"],"_links":{"self":[{"href":"https:\/\/sunsurfalacati.com\/de\/wp-json\/wp\/v2\/pages\/6350","targetHints":{"allow":["GET"]}}],"collection":[{"href":"https:\/\/sunsurfalacati.com\/de\/wp-json\/wp\/v2\/pages"}],"about":[{"href":"https:\/\/sunsurfalacati.com\/de\/wp-json\/wp\/v2\/types\/page"}],"author":[{"embeddable":true,"href":"https:\/\/sunsurfalacati.com\/de\/wp-json\/wp\/v2\/users\/1"}],"replies":[{"embeddable":true,"href":"https:\/\/sunsurfalacati.com\/de\/wp-json\/wp\/v2\/comments?post=6350"}],"version-history":[{"count":11,"href":"https:\/\/sunsurfalacati.com\/de\/wp-json\/wp\/v2\/pages\/6350\/revisions"}],"predecessor-version":[{"id":6389,"href":"https:\/\/sunsurfalacati.com\/de\/wp-json\/wp\/v2\/pages\/6350\/revisions\/6389"}],"wp:attachment":[{"href":"https:\/\/sunsurfalacati.com\/de\/wp-json\/wp\/v2\/media?parent=6350"}],"curies":[{"name":"wp","href":"https:\/\/api.w.org\/{rel}","templated":true}]}}