{"id":5671,"date":"2025-02-17T11:13:23","date_gmt":"2025-02-17T11:13:23","guid":{"rendered":"https:\/\/sunsurfalacati.com\/tragflaechenprofil-2\/"},"modified":"2025-05-21T07:14:44","modified_gmt":"2025-05-21T07:14:44","slug":"wingfoiling","status":"publish","type":"page","link":"https:\/\/sunsurfalacati.com\/de\/wingfoiling\/","title":{"rendered":"Wingfoiling"},"content":{"rendered":"<div class=\"wpb-content-wrapper\">[vc_row][vc_column width=&#8221;1\/2&#8243;][gt3_spacing height=&#8221;32px&#8221;][gt3_custom_text text_color=&#8221;#000000&#8243; font_size=&#8221;30&#8243; line_height=&#8221;155&#8243;]<strong>Warum Wingfoilen in Alacati?<\/strong>[\/gt3_custom_text][gt3_spacing height=&#8221;32px&#8221;][gt3_custom_text text_color=&#8221;#737d84&#8243; font_size=&#8221;16&#8243; line_height=&#8221;190&#8243;]SUN SURF ALACATI liegt an der Westk\u00fcste der T\u00fcrkei und ist einer der besten Spots zum Wingfoilen. Die stetigen Winde und das flache Wasser bieten perfekte Bedingungen. Die beste Zeit zum Wingfoilen ist zwischen Mai und Oktober.[\/gt3_custom_text][\/vc_column][vc_column width=&#8221;1\/2&#8243;][\/vc_column][\/vc_row][vc_row][vc_column width=&#8221;1\/2&#8243;][gt3_spacing height=&#8221;32px&#8221;][gt3_custom_text text_color=&#8221;#737d84&#8243; font_size=&#8221;16&#8243; line_height=&#8221;190&#8243;]Egal ob Du Anf\u00e4nger oder Fortgeschritten bist, SUN SURF ALACATI bietet unvergessliche Wingfoil-Erlebnisse an einem der besten Spots weltweit.[\/gt3_custom_text][gt3_spacing height=&#8221;32px&#8221;][gt3_custom_text text_color=&#8221;#737d84&#8243;]<strong>Wir freuen uns auf Dich!<\/strong>[\/gt3_custom_text][gt3_spacing height=&#8221;50px&#8221;][\/vc_column][vc_column width=&#8221;1\/2&#8243;][\/vc_column][\/vc_row][vc_row full_width=&#8221;stretch_row&#8221; css=&#8221;.vc_custom_1526458951439{background-color: #28323e !important;}&#8221;][vc_column][gt3_spacing height=&#8221;57px&#8221; responsive_es=&#8221;true&#8221; height_mobile=&#8221;32&#8243;][vc_row_inner][vc_column_inner width=&#8221;7\/12&#8243;][gt3_custom_text text_color=&#8221;#ffffff&#8221; font_size=&#8221;30&#8243; line_height=&#8221;100&#8243;]\n<h5><strong>Unser Wingfoil-Unterricht<\/strong><\/h5>\n[\/gt3_custom_text][\/vc_column_inner][vc_column_inner width=&#8221;5\/12&#8243;][gt3_custom_text text_color=&#8221;#909aa3&#8243; font_size=&#8221;16&#8243;]\n<p style=\"text-align: right;\"><a href=\"http:\/\/sunsurfalacati.com\/lessons\/\"><span class=\"gt3_highlighter\" style=\";color: #dd6666;\">View All \u2192<\/span><\/a><\/p>\n[\/gt3_custom_text][\/vc_column_inner][\/vc_row_inner][gt3_spacing height=&#8221;22px&#8221;][gt3_custom_text text_color=&#8221;#c9d4dc&#8221; font_size=&#8221;16&#8243; line_height=&#8221;190&#8243;]<span>Unsere Surfkurse sind perfekt f\u00fcr Anf\u00e4nger aber auch Fortgeschrittene. Egal, ob Du diesen Sport erlernen m\u00f6chtest oder Deine Technik verbessern m\u00f6chtest. Unsere erfahrenen Surflehrer werden Dich bei jedem Schritt begleiten.\u00a0<\/span><strong>Freue Dich auf unvergessliche Erlebnisse auf dem Wasser!<\/strong>[\/gt3_custom_text][gt3_spacing height=&#8221;44px&#8221;]<div class=\"gt3_practice_list module_on_dark\"><div class=\"gt3_practice_list__posts-container row \"><article class=\"gt3_practice_list__item span4 item_31 item_34\"><div class=\"gt3_practice_list__image-holder\"><a href=\"https:\/\/sunsurfalacati.com\/de\/practice\/lektionen-fuer-kinder\/\" class=\"gt3_practice_list__image_link\"><img decoding=\"async\"  src=\"https:\/\/sunsurfalacati.com\/wp-content\/uploads\/2020\/05\/sunsurf-kids-lesson-780x592.jpg\" alt=\"Unterricht f\u00fcr Kinder\" \/><\/a><div class=\"icon-link\"><i class=\"\"><\/i><\/div><\/div><div class=\"gt3_practice_list__content\"><h4 class=\"gt3_practice_list__title\">Unterricht f\u00fcr Kinder<\/h4><div class=\"gt3_practice_list__text\">Wir werden Ihre Kinder nur mit professionellen Lehrern und Ausr\u00fcstung unterrichten. Wir bieten...<\/div><a href=\"https:\/\/sunsurfalacati.com\/de\/practice\/lektionen-fuer-kinder\/\" class=\"gt3_practice_list__link learn_more\">Learn More<span><\/span><\/a><\/div><\/article><article class=\"gt3_practice_list__item span4 item_31 item_40 item_44\"><div class=\"gt3_practice_list__image-holder\"><a href=\"https:\/\/sunsurfalacati.com\/de\/practice\/gruppenunterricht\/\" class=\"gt3_practice_list__image_link\"><img decoding=\"async\"  src=\"https:\/\/sunsurfalacati.com\/wp-content\/uploads\/2025\/02\/sun-surf-kite-surf-780x592.jpg\" alt=\"Gruppenunterricht\" \/><\/a><div class=\"icon-link\"><i class=\"\"><\/i><\/div><\/div><div class=\"gt3_practice_list__content\"><h4 class=\"gt3_practice_list__title\">Gruppenunterricht<\/h4><div class=\"gt3_practice_list__text\">Unser privater Gruppenunterricht ist f\u00fcr Gruppen von 2 oder mehr Personen gedacht und eignet sich...<\/div><a href=\"https:\/\/sunsurfalacati.com\/de\/practice\/gruppenunterricht\/\" class=\"gt3_practice_list__link learn_more\">Learn More<span><\/span><\/a><\/div><\/article><article class=\"gt3_practice_list__item span4 item_31 item_40\"><div class=\"gt3_practice_list__image-holder\"><a href=\"https:\/\/sunsurfalacati.com\/de\/practice\/privatunterricht\/\" class=\"gt3_practice_list__image_link\"><img decoding=\"async\"  src=\"https:\/\/sunsurfalacati.com\/wp-content\/uploads\/2025\/05\/wingfoil_sunsurf-780x592.jpg\" alt=\"Privatunterricht\" \/><\/a><div class=\"icon-link\"><i class=\"\"><\/i><\/div><\/div><div class=\"gt3_practice_list__content\"><h4 class=\"gt3_practice_list__title\">Privatunterricht<\/h4><div class=\"gt3_practice_list__text\">Wir bieten auch privaten Surfunterricht an, bei denen wir ganz individuell auf Deine Bed\u00fcrfnisse eingehen...<\/div><a href=\"https:\/\/sunsurfalacati.com\/de\/practice\/privatunterricht\/\" class=\"gt3_practice_list__link learn_more\">Learn More<span><\/span><\/a><\/div><\/article><\/div><\/div>[gt3_spacing height=&#8221;30px&#8221; responsive_es=&#8221;true&#8221; height_mobile=&#8221;0px&#8221;][\/vc_column][\/vc_row]\n<\/div>","protected":false},"excerpt":{"rendered":"<p>[vc_row][vc_column width=&#8221;1\/2&#8243;][gt3_spacing height=&#8221;32px&#8221;][gt3_custom_text text_color=&#8221;#000000&#8243; font_size=&#8221;30&#8243; line_height=&#8221;155&#8243;]Warum Wingfoilen in Alacati?[\/gt3_custom_text][gt3_spacing height=&#8221;32px&#8221;][gt3_custom_text text_color=&#8221;#737d84&#8243; font_size=&#8221;16&#8243; line_height=&#8221;190&#8243;]SUN SURF ALACATI liegt an der Westk\u00fcste der T\u00fcrkei und ist einer der besten Spots zum Wingfoilen. Die stetigen Winde und das flache Wasser bieten perfekte Bedingungen. Die beste Zeit zum Wingfoilen ist zwischen Mai und Oktober.[\/gt3_custom_text][\/vc_column][vc_column width=&#8221;1\/2&#8243;][\/vc_column][\/vc_row][vc_row][vc_column width=&#8221;1\/2&#8243;][gt3_spacing height=&#8221;32px&#8221;][gt3_custom_text text_color=&#8221;#737d84&#8243; font_size=&#8221;16&#8243; line_height=&#8221;190&#8243;]Egal [&hellip;]<\/p>\n","protected":false},"author":1,"featured_media":0,"parent":0,"menu_order":0,"comment_status":"closed","ping_status":"closed","template":"","meta":{"footnotes":""},"class_list":["post-5671","page","type-page","status-publish","hentry"],"_links":{"self":[{"href":"https:\/\/sunsurfalacati.com\/de\/wp-json\/wp\/v2\/pages\/5671","targetHints":{"allow":["GET"]}}],"collection":[{"href":"https:\/\/sunsurfalacati.com\/de\/wp-json\/wp\/v2\/pages"}],"about":[{"href":"https:\/\/sunsurfalacati.com\/de\/wp-json\/wp\/v2\/types\/page"}],"author":[{"embeddable":true,"href":"https:\/\/sunsurfalacati.com\/de\/wp-json\/wp\/v2\/users\/1"}],"replies":[{"embeddable":true,"href":"https:\/\/sunsurfalacati.com\/de\/wp-json\/wp\/v2\/comments?post=5671"}],"version-history":[{"count":14,"href":"https:\/\/sunsurfalacati.com\/de\/wp-json\/wp\/v2\/pages\/5671\/revisions"}],"predecessor-version":[{"id":6126,"href":"https:\/\/sunsurfalacati.com\/de\/wp-json\/wp\/v2\/pages\/5671\/revisions\/6126"}],"wp:attachment":[{"href":"https:\/\/sunsurfalacati.com\/de\/wp-json\/wp\/v2\/media?parent=5671"}],"curies":[{"name":"wp","href":"https:\/\/api.w.org\/{rel}","templated":true}]}}