{"id":5638,"date":"2025-02-27T18:57:45","date_gmt":"2025-02-27T18:57:45","guid":{"rendered":"https:\/\/sunsurfalacati.com\/standort-reisen\/"},"modified":"2026-05-13T10:05:23","modified_gmt":"2026-05-13T10:05:23","slug":"standort-reisen","status":"publish","type":"page","link":"https:\/\/sunsurfalacati.com\/de\/standort-reisen\/","title":{"rendered":"Standort &amp; Reisen"},"content":{"rendered":"<div class=\"wpb-content-wrapper\">[vc_row][vc_column][gt3_spacing height=&#8221;50px&#8221;][gt3_custom_text text_color=&#8221;#000000&#8243; font_size=&#8221;30&#8243; line_height=&#8221;155&#8243;]<strong>Wir sind hier<\/strong>[\/gt3_custom_text][gt3_spacing height=&#8221;50px&#8221;][\/vc_column][\/vc_row][vc_row][vc_column][gt3_custom_text text_color=&#8221;#737d84&#8243; font_size=&#8221;16&#8243; line_height=&#8221;190&#8243;]SUN SURF ALACATI liegt an der Westk\u00fcste von  <span>T\u00fcrkiye. Sie liegt auf der Halbinsel Cesme, etwa 8 km s\u00fcdlich von Cesme und 78 km westlich von Izmir.   <\/span><\/p>\n<p><strong>Vom Flughafen Izmir haben Sie etwa eine Stunde Zeit, um im Wassersportparadies SUN SURF ALACATI anzukommen.<\/strong><\/p>\n<p>Sie k\u00f6nnen einen \u00f6ffentlichen Transfer (Havas) vom Flughafen nehmen, einfach ein Auto mieten oder einen privaten Shuttle buchen.[\/gt3_custom_text][\/vc_column][\/vc_row][vc_row][vc_column][gt3_custom_text text_color=&#8221;#737d84&#8243;][\/gt3_custom_text][gt3_spacing height=&#8221;50px&#8221;][\/vc_column][\/vc_row][vc_row][vc_column][gt3_custom_text text_color=&#8221;#000000&#8243; font_size=&#8221;30&#8243; line_height=&#8221;155&#8243;]<strong>Unsere Partnerhotels<\/strong>[\/gt3_custom_text][gt3_spacing height=&#8221;32px&#8221;][\/vc_column][\/vc_row][vc_row][vc_column][vc_column_text css=&#8221;&#8221;]<strong><a href=\"https:\/\/biblosresorts.com\/\">Biblos Resort Alacati<\/a><br \/><\/strong>Zeit zum Spielen, Sonne tanken und den glorreichen Biblos-Stil genie\u00dfen.<\/p>\n<p><strong><a href=\"https:\/\/alacatibeachresort.com\/\">Alacati Strand Resort<\/a><br \/><\/strong>Mit Liebe entdeckt, von der Natur kuratiert. Wir freuen uns, Ihnen einen guten Preis anbieten zu k\u00f6nnen. Verwenden Sie unseren Aktionscode &#8220;SUNSURF&#8221; f\u00fcr einen Rabatt. <\/p>\n<p><a href=\"https:\/\/www.antmare.com\/\"><strong>Antmare<\/strong><\/a><br \/>F\u00fcr diejenigen, die die Liebe zur \u00c4g\u00e4is in ihrem Herzen tragen&#8230;<\/p>\n<p><a href=\"https:\/\/www.cocostheclub.com\/\"><b>Cocos Der Club Solto<\/b><\/a><br \/>Zeit f\u00fcr Urlaub&#8230;[\/vc_column_text][gt3_spacing height=&#8221;50px&#8221;][\/vc_column][\/vc_row][vc_row][vc_column][\/vc_column][\/vc_row][vc_row][vc_column][vc_gmaps link=&#8221;#E-8_JTNDaWZyYW1lJTIwc3JjJTNEJTIyaHR0cHMlM0ElMkYlMkZtYXBzLmdvb2dsZS5jb20lMkZtYXBzJTNGcSUzRFN1bnN1cmYlMjUyMEFsYWNhdGklMjZ0JTNEJTI2eiUzRDE1JTI2aWUlM0RVVEY4JTI2aXdsb2MlM0QlMjZvdXRwdXQlM0RlbWJlZCUyMiUyMCUwQXdpZHRoJTNEJTIyMTAwJTI1JTIyJTIwJTBBaGVpZ2h0JTNEJTIyNDUwJTIyJTIwJTBBZnJhbWVib3JkZXIlM0QlMjIwJTIyJTIwJTBBc2Nyb2xsaW5nJTNEJTIybm8lMjIlMjAlMEFtYXJnaW5oZWlnaHQlM0QlMjIwJTIyJTIwJTBBbWFyZ2lud2lkdGglM0QlMjIwJTIyJTNFJTBBJTNDJTJGaWZyYW1lJTNF&#8221; css=&#8221;&#8221;][\/vc_column][\/vc_row]\n<\/div>","protected":false},"excerpt":{"rendered":"<p>[vc_row][vc_column][gt3_spacing height=&#8221;50px&#8221;][gt3_custom_text text_color=&#8221;#000000&#8243; font_size=&#8221;30&#8243; line_height=&#8221;155&#8243;]Wir sind hier[\/gt3_custom_text][gt3_spacing height=&#8221;50px&#8221;][\/vc_column][\/vc_row][vc_row][vc_column][gt3_custom_text text_color=&#8221;#737d84&#8243; font_size=&#8221;16&#8243; line_height=&#8221;190&#8243;]SUN SURF ALACATI liegt an der Westk\u00fcste von T\u00fcrkiye. Sie liegt auf der Halbinsel Cesme, etwa 8 km s\u00fcdlich von Cesme und 78 km westlich von Izmir. Vom Flughafen Izmir haben Sie etwa eine Stunde Zeit, um im Wassersportparadies SUN SURF ALACATI anzukommen. Sie k\u00f6nnen [&hellip;]<\/p>\n","protected":false},"author":1,"featured_media":0,"parent":0,"menu_order":0,"comment_status":"closed","ping_status":"closed","template":"","meta":{"footnotes":""},"class_list":["post-5638","page","type-page","status-publish","hentry"],"_links":{"self":[{"href":"https:\/\/sunsurfalacati.com\/de\/wp-json\/wp\/v2\/pages\/5638","targetHints":{"allow":["GET"]}}],"collection":[{"href":"https:\/\/sunsurfalacati.com\/de\/wp-json\/wp\/v2\/pages"}],"about":[{"href":"https:\/\/sunsurfalacati.com\/de\/wp-json\/wp\/v2\/types\/page"}],"author":[{"embeddable":true,"href":"https:\/\/sunsurfalacati.com\/de\/wp-json\/wp\/v2\/users\/1"}],"replies":[{"embeddable":true,"href":"https:\/\/sunsurfalacati.com\/de\/wp-json\/wp\/v2\/comments?post=5638"}],"version-history":[{"count":13,"href":"https:\/\/sunsurfalacati.com\/de\/wp-json\/wp\/v2\/pages\/5638\/revisions"}],"predecessor-version":[{"id":6583,"href":"https:\/\/sunsurfalacati.com\/de\/wp-json\/wp\/v2\/pages\/5638\/revisions\/6583"}],"wp:attachment":[{"href":"https:\/\/sunsurfalacati.com\/de\/wp-json\/wp\/v2\/media?parent=5638"}],"curies":[{"name":"wp","href":"https:\/\/api.w.org\/{rel}","templated":true}]}}