{"id":5602,"date":"2017-01-11T13:25:51","date_gmt":"2017-01-11T13:25:51","guid":{"rendered":"https:\/\/sunsurfalacati.com\/sunsurf-alacati\/"},"modified":"2025-07-19T09:31:43","modified_gmt":"2025-07-19T09:31:43","slug":"sunsurf-alacati","status":"publish","type":"page","link":"https:\/\/sunsurfalacati.com\/de\/","title":{"rendered":"SUNSURF ALACATI"},"content":{"rendered":"<div class=\"wpb-content-wrapper\">[vc_row full_width=&#8221;stretch_row_content_no_spaces&#8221; column_separator_row=&#8221;&#8221; masked_row=&#8221;true&#8221; mask_image=&#8221;3693&#8243; css=&#8221;.vc_custom_1740240129272{margin-top: -80px !important;margin-bottom: -5px !important;}&#8221; el_id=&#8221;welcome_to_sun_surf_alacati&#8221;][vc_column][rev_slider_vc alias=&#8221;home_02&#8243;][\/vc_column][\/vc_row][vc_row full_width=&#8221;stretch_row_content_no_spaces&#8221; equal_height=&#8221;yes&#8221; column_separator_row=&#8221;&#8221; masked_row=&#8221;&#8221; css=&#8221;.vc_custom_1739300133443{margin-top: -10px !important;background-position: center !important;background-repeat: no-repeat !important;background-size: cover !important;}&#8221;][vc_column width=&#8221;1\/2&#8243; css=&#8221;.vc_custom_1750497070175{margin-top: 50px !important;background-image: url(https:\/\/sunsurfalacati.com\/wp-content\/uploads\/2025\/06\/kitesurf.jpeg?id=6215) !important;background-position: center !important;background-repeat: no-repeat !important;background-size: cover !important;}&#8221; offset=&#8221;vc_hidden-md vc_hidden-sm vc_hidden-xs&#8221;][\/vc_column][vc_column width=&#8221;1\/2&#8243; css=&#8221;.vc_custom_1526047180310{padding-right: 10% !important;padding-left: 10% !important;}&#8221;][gt3_spacing height=&#8221;63px&#8221; responsive_es=&#8221;true&#8221; height_mobile=&#8221;0px&#8221;][gt3_custom_text text_color=&#8221;#27323d&#8221; font_size=&#8221;70&#8243; line_height=&#8221;110&#8243; use_theme_fonts=&#8221;&#8221; google_fonts_text=&#8221;font_family:Kaushan%20Script%3Aregular|font_style:400%20regular%3A400%3Anormal&#8221; responsive_font=&#8221;true&#8221; font_size_mobile=&#8221;46&#8243; font_size_tablet=&#8221;46&#8243;]\n<p style=\"text-align: center;\">SUN SURF ALACATI in der T\u00fcrkei<\/p>\n[\/gt3_custom_text][gt3_spacing height=&#8221;39px&#8221;][vc_separator color=&#8221;custom&#8221; el_width=&#8221;40px&#8221; accent_color=&#8221;#27323d&#8221;][gt3_spacing height=&#8221;41px&#8221;][gt3_custom_text text_color=&#8221;#28323e&#8221; font_size=&#8221;16&#8243; line_height=&#8221;190&#8243;]\n<p style=\"text-align: center;\">Willkommen in der T\u00fcrkei bei SUNSURF ALACATI!<\/p>\n<p style=\"text-align: center;\"><span class=\"Y2IQFc\" lang=\"en\"><\/span><span>Die flache, lagunenartige Bucht ist perfekt um neue Tricks in einer sicheren Umgebung zu lernen und zu \u00fcben. <\/span>Wir bieten auch eine Reihe von unterschiedlichen Kursen und Kindercamps in der T\u00fcrkei an. Ob nun Privatunterricht, Gruppenunterricht, Kindercamps oder Standup-Paddle Boards. Wir haben alles, was Dein Wind-und Wasser-Herz begehrt!<\/p>\n<p>&nbsp;<\/p>\n<p style=\"text-align: center;\"><strong>Wir freuen uns auf DICH!<\/strong><\/p>\n[\/gt3_custom_text][gt3_spacing height=&#8221;30px&#8221;][gt3_spacing height=&#8221;95px&#8221; responsive_es=&#8221;true&#8221; height_mobile=&#8221;55&#8243;][\/vc_column][\/vc_row][vc_row full_width=&#8221;stretch_row&#8221; css=&#8221;.vc_custom_1526278230267{background-color: #28323e !important;}&#8221;][vc_column][gt3_spacing height=&#8221;57px&#8221; responsive_es=&#8221;true&#8221; height_mobile=&#8221;27&#8243;][vc_row_inner][vc_column_inner width=&#8221;7\/12&#8243; offset=&#8221;vc_col-xs-7&#8243;][gt3_custom_text text_color=&#8221;#ffffff&#8221; font_size=&#8221;30&#8243; responsive_font=&#8221;true&#8221; font_size_mobile=&#8221;26&#8243;]<span style=\"font-weight: bold;\" class=\"gt3_font-weight\">Unsere Windsurf, Wingfoil und Kite-Kurse in der T\u00fcrkei<\/span>[\/gt3_custom_text][\/vc_column_inner][vc_column_inner width=&#8221;5\/12&#8243; offset=&#8221;vc_col-xs-5&#8243;][gt3_custom_text text_color=&#8221;#909aa3&#8243; font_size=&#8221;16&#8243;]\n<p style=\"text-align: right;\"><a class=\"view_all_link shortcode_button btn_normal btn_type2\" href=\"https:\/\/sunsurfalacati.com\/de\/kurse\/\" title=\"Mehr erfahren\">Alle ansehen<\/a><\/p>\n[\/gt3_custom_text][\/vc_column_inner][\/vc_row_inner][gt3_spacing height=&#8221;22px&#8221;][gt3_custom_text text_color=&#8221;#c9d4dc&#8221; font_size=&#8221;16&#8243; line_height=&#8221;190&#8243;]Unsere Surfkurse sind perfekt f\u00fcr Anf\u00e4nger aber auch Fortgeschrittene. Egal, ob Du diesen Sport erlernen m\u00f6chtest oder Deine Technik verbessern m\u00f6chtest. Unsere erfahrenen Surflehrer werden Dich bei jedem Schritt begleiten. <strong>Freue Dich auf unvergessliche Erlebnisse auf dem Wasser!<\/strong>[\/gt3_custom_text][gt3_spacing height=&#8221;44px&#8221;]<div class=\"gt3_practice_list module_on_dark\"><div class=\"gt3_practice_list__posts-container row \"><article class=\"gt3_practice_list__item span4 item_31 item_34\"><div class=\"gt3_practice_list__image-holder\"><a href=\"https:\/\/sunsurfalacati.com\/de\/practice\/lektionen-fuer-kinder\/\" class=\"gt3_practice_list__image_link\"><img decoding=\"async\"  src=\"https:\/\/sunsurfalacati.com\/wp-content\/uploads\/2020\/05\/sunsurf-kids-lesson-780x592.jpg\" alt=\"Unterricht f\u00fcr Kinder\" \/><\/a><div class=\"icon-link\"><i class=\"\"><\/i><\/div><\/div><div class=\"gt3_practice_list__content\"><h4 class=\"gt3_practice_list__title\">Unterricht f\u00fcr Kinder<\/h4><div class=\"gt3_practice_list__text\">Wir werden Ihre Kinder nur mit professionellen Lehrern und Ausr\u00fcstung unterrichten. Wir bieten Gruppenunterricht von 2 bis 6...<\/div><a href=\"https:\/\/sunsurfalacati.com\/de\/practice\/lektionen-fuer-kinder\/\" class=\"gt3_practice_list__link learn_more\">Learn More<span><\/span><\/a><\/div><\/article><article class=\"gt3_practice_list__item span4 item_31 item_40 item_44\"><div class=\"gt3_practice_list__image-holder\"><a href=\"https:\/\/sunsurfalacati.com\/de\/practice\/gruppenunterricht\/\" class=\"gt3_practice_list__image_link\"><img decoding=\"async\"  src=\"https:\/\/sunsurfalacati.com\/wp-content\/uploads\/2025\/02\/sun-surf-kite-surf-780x592.jpg\" alt=\"Gruppenunterricht\" \/><\/a><div class=\"icon-link\"><i class=\"\"><\/i><\/div><\/div><div class=\"gt3_practice_list__content\"><h4 class=\"gt3_practice_list__title\">Gruppenunterricht<\/h4><div class=\"gt3_practice_list__text\">Unser privater Gruppenunterricht ist f\u00fcr Gruppen von 2 oder mehr Personen gedacht und eignet sich hervorragend f\u00fcr Anf\u00e4nger,...<\/div><a href=\"https:\/\/sunsurfalacati.com\/de\/practice\/gruppenunterricht\/\" class=\"gt3_practice_list__link learn_more\">Learn More<span><\/span><\/a><\/div><\/article><article class=\"gt3_practice_list__item span4 item_31 item_40\"><div class=\"gt3_practice_list__image-holder\"><a href=\"https:\/\/sunsurfalacati.com\/de\/practice\/privatunterricht\/\" class=\"gt3_practice_list__image_link\"><img decoding=\"async\"  src=\"https:\/\/sunsurfalacati.com\/wp-content\/uploads\/2025\/05\/wingfoil_sunsurf-780x592.jpg\" alt=\"Privatunterricht\" \/><\/a><div class=\"icon-link\"><i class=\"\"><\/i><\/div><\/div><div class=\"gt3_practice_list__content\"><h4 class=\"gt3_practice_list__title\">Privatunterricht<\/h4><div class=\"gt3_practice_list__text\">Wir bieten auch privaten Surfunterricht an, bei denen wir ganz individuell auf Deine Bed\u00fcrfnisse eingehen...<\/div><a href=\"https:\/\/sunsurfalacati.com\/de\/practice\/privatunterricht\/\" class=\"gt3_practice_list__link learn_more\">Learn More<span><\/span><\/a><\/div><\/article><\/div><\/div>[gt3_spacing height=&#8221;30px&#8221; responsive_es=&#8221;true&#8221; height_mobile=&#8221;0px&#8221;][\/vc_column][\/vc_row][vc_row full_width=&#8221;stretch_row&#8221; column_separator_row=&#8221;&#8221; masked_row=&#8221;true&#8221; mask_image=&#8221;3693&#8243; css=&#8221;.vc_custom_1752313329440{margin-bottom: -10px !important;background-image: url(https:\/\/sunsurfalacati.com\/wp-content\/uploads\/2025\/07\/sunsurf-place-scaled.jpg?id=6269) !important;background-position: center !important;background-repeat: no-repeat !important;background-size: cover !important;}&#8221;][vc_column][gt3_spacing height=&#8221;256px&#8221; responsive_es=&#8221;true&#8221; height_tablet=&#8221;206&#8243; height_mobile=&#8221;81&#8243;][gt3_custom_text text_color=&#8221;#ffffff&#8221; font_size=&#8221;100&#8243; line_height=&#8221;100&#8243; use_theme_fonts=&#8221;&#8221; google_fonts_text=&#8221;font_family:Kaushan%20Script%3Aregular|font_style:400%20regular%3A400%3Anormal&#8221; responsive_font=&#8221;true&#8221; font_size_tablet=&#8221;70&#8243; font_size_mobile=&#8221;50&#8243;]\n<p style=\"text-align: center;\">Komme zu uns<\/p>\n<p style=\"text-align: center;\">SUN SURF ALACATI<\/p>\n[\/gt3_custom_text][gt3_spacing height=&#8221;38px&#8221;][gt3_spacing height=&#8221;253px&#8221; responsive_es=&#8221;true&#8221; height_tablet=&#8221;203&#8243; height_mobile=&#8221;81&#8243;][\/vc_column][\/vc_row][vc_row full_width=&#8221;stretch_row&#8221;][vc_column width=&#8221;5\/6&#8243; offset=&#8221;vc_col-sm-offset-1&#8243;][gt3_spacing height=&#8221;101px&#8221; responsive_es=&#8221;true&#8221; height_mobile=&#8221;70&#8243;][gt3_custom_text text_color=&#8221;#27323d&#8221; font_size=&#8221;30&#8243;]\n<p style=\"text-align: center;\"><strong>Was wir anbieten<\/strong><\/p>\n[\/gt3_custom_text][gt3_spacing height=&#8221;21px&#8221;][gt3_custom_text text_color=&#8221;#737d84&#8243; font_size=&#8221;18&#8243; line_height=&#8221;170&#8243;]\n<p style=\"text-align: center;\">Wir haben gro\u00dfes Angebot f\u00fcr Dich, egal ob f\u00fcr Fortgeschrittene oder Anf\u00e4nger, Kinder, Touristen, Eltern oder einfach Strandliebhaber. Bei uns bist Du einfach gl\u00fccklich.<\/p>\n[\/gt3_custom_text][gt3_spacing height=&#8221;43px&#8221;][\/vc_column][\/vc_row][vc_row full_width=&#8221;stretch_row_content&#8221; gap=&#8221;15&#8243;][vc_column][vc_row_inner][vc_column_inner width=&#8221;5\/6&#8243; offset=&#8221;vc_col-md-offset-0 vc_col-md-4 vc_col-sm-offset-1&#8243;][gt3_services box_image=&#8221;6033&#8243; thumbnail=&#8221;3260&#8243; module_height=&#8221;420&#8243; custom_title_size=&#8221;67&#8243; use_theme_fonts_box_title=&#8221;&#8221; google_fonts_box_title=&#8221;font_family:Kaushan%20Script%3Aregular|font_style:400%20regular%3A400%3Anormal&#8221; title_color=&#8221;#ffffff&#8221; index_number_color=&#8221;rgba(255,255,255,0.2)&#8221; custom_content_size=&#8221;18&#8243; content_text_color=&#8221;#c9d4dc&#8221; box_hover_bg=&#8221;#28323e&#8221; title=&#8221;Kurse&#8221; content_text=&#8221;Wir bieten Kurse f\u00fcr Anf\u00e4nger und Fortgeschrittene an.&#8221; link=&#8221;url:https%3A%2F%2Fsunsurfalacati.com%2Fde%2Fkurse%2F&#8221;][gt3_spacing height=&#8221;30px&#8221;][gt3_services box_image=&#8221;6200&#8243; thumbnail=&#8221;3260&#8243; module_height=&#8221;420&#8243; custom_title_size=&#8221;67&#8243; use_theme_fonts_box_title=&#8221;&#8221; google_fonts_box_title=&#8221;font_family:Kaushan%20Script%3Aregular|font_style:400%20regular%3A400%3Anormal&#8221; title_color=&#8221;#ffffff&#8221; index_number_color=&#8221;rgba(255,255,255,0.2)&#8221; custom_content_size=&#8221;18&#8243; content_text_color=&#8221;#c9d4dc&#8221; box_hover_bg=&#8221;#28323e&#8221; title=&#8221;Yoga&#8221; content_text=&#8221;Jeden Mittwoch und Sonntag um 07:00 beginnst du deinen Tag mit sunrise yoga an unserer Surfstation.&#8221;][gt3_spacing height=&#8221;30px&#8221;][\/vc_column_inner][vc_column_inner width=&#8221;5\/6&#8243; offset=&#8221;vc_col-md-offset-0 vc_col-md-4 vc_col-sm-offset-1&#8243;][gt3_services box_image=&#8221;6239&#8243; thumbnail=&#8221;3260&#8243; module_height=&#8221;420&#8243; rotate_direction=&#8221;top&#8221; custom_title_size=&#8221;67&#8243; use_theme_fonts_box_title=&#8221;&#8221; google_fonts_box_title=&#8221;font_family:Kaushan%20Script%3Aregular|font_style:400%20regular%3A400%3Anormal&#8221; title_color=&#8221;#ffffff&#8221; index_number_color=&#8221;rgba(255,255,255,0.2)&#8221; custom_content_size=&#8221;18&#8243; content_text_color=&#8221;#c9d4dc&#8221; box_hover_bg=&#8221;#28323e&#8221; title=&#8221;Kinder-Camp&#8221; content_text=&#8221;Deine Kinder sollten unser Kids-Camp nicht verpassen. Es werden unvergessliche Tage mit Spa\u00df, Wasser und Aktion.&#8221; link=&#8221;url:https%3A%2F%2Fsunsurfalacati.com%2Fde%2Fpractice%2Fkinder-camp%2F|title:Kids%20Camp&#8221;][gt3_spacing height=&#8221;30px&#8221;][gt3_services box_image=&#8221;4425&#8243; thumbnail=&#8221;3260&#8243; module_height=&#8221;420&#8243; rotate_direction=&#8221;bottom&#8221; custom_title_size=&#8221;67&#8243; use_theme_fonts_box_title=&#8221;&#8221; google_fonts_box_title=&#8221;font_family:Kaushan%20Script%3Aregular|font_style:400%20regular%3A400%3Anormal&#8221; title_color=&#8221;#ffffff&#8221; index_number_color=&#8221;rgba(255,255,255,0.2)&#8221; custom_content_size=&#8221;18&#8243; content_text_color=&#8221;#c9d4dc&#8221; box_hover_bg=&#8221;#28323e&#8221; title=&#8221;Restaurant&#8221; content_text=&#8221;Zwei Restaurants befinden sich direkt neben unserer Surfstation.&#8221;][gt3_spacing height=&#8221;30px&#8221;][\/vc_column_inner][vc_column_inner width=&#8221;5\/6&#8243; offset=&#8221;vc_col-md-offset-0 vc_col-md-4 vc_col-sm-offset-1&#8243;][gt3_services box_image=&#8221;6023&#8243; thumbnail=&#8221;3260&#8243; module_height=&#8221;420&#8243; rotate_direction=&#8221;right&#8221; custom_title_size=&#8221;67&#8243; use_theme_fonts_box_title=&#8221;&#8221; google_fonts_box_title=&#8221;font_family:Kaushan%20Script%3Aregular|font_style:400%20regular%3A400%3Anormal&#8221; title_color=&#8221;#ffffff&#8221; index_number_color=&#8221;rgba(255,255,255,0.2)&#8221; custom_content_size=&#8221;18&#8243; content_text_color=&#8221;#c9d4dc&#8221; box_hover_bg=&#8221;#28323e&#8221; title=&#8221;Vermietungen&#8221; content_text=&#8221;Wir haben das Beste Material f\u00fcr Dich. Die Bretter sind von JP und Tabou und unsere Segel sind von Gaastra und NeilPryde. Die Wingfoil Bretter und Segel sind von Duotone.&#8221; link=&#8221;url:https%3A%2F%2Fsunsurfalacati.com%2Fde%2Fvermietungen%2F|title:Vermietungen&#8221;][gt3_spacing height=&#8221;30px&#8221;][gt3_services box_image=&#8221;6283&#8243; thumbnail=&#8221;3260&#8243; module_height=&#8221;420&#8243; rotate_direction=&#8221;right&#8221; custom_title_size=&#8221;67&#8243; use_theme_fonts_box_title=&#8221;&#8221; google_fonts_box_title=&#8221;font_family:Kaushan%20Script%3Aregular|font_style:400%20regular%3A400%3Anormal&#8221; title_color=&#8221;#ffffff&#8221; index_number_color=&#8221;rgba(255,255,255,0.2)&#8221; custom_content_size=&#8221;18&#8243; content_text_color=&#8221;#c9d4dc&#8221; box_hover_bg=&#8221;#28323e&#8221; title=&#8221;Unterkunft&#8221; content_text=&#8221;Als Unterkunft empfehlen wir Dir von Herzen das &#8220;Ala\u00e7at\u0131 Beach Resort&#8220;. Auch das Hotel &#8220;Antmare&#8220; ist sehr nah. In beiden Hotels lohnt sich ein Besuch.&#8221; link=&#8221;url:https%3A%2F%2Fsunsurfalacati.com%2Fde%2Fstandort-reisen%2F|title:Location%20%26%20Travel&#8221;][gt3_spacing height=&#8221;30px&#8221;][\/vc_column_inner][\/vc_row_inner][\/vc_column][\/vc_row][vc_row][vc_column][\/vc_column][\/vc_row]\n<\/div>","protected":false},"excerpt":{"rendered":"<p>[vc_row full_width=&#8221;stretch_row_content_no_spaces&#8221; column_separator_row=&#8221;&#8221; masked_row=&#8221;true&#8221; mask_image=&#8221;3693&#8243; css=&#8221;.vc_custom_1740240129272{margin-top: -80px !important;margin-bottom: -5px !important;}&#8221; el_id=&#8221;welcome_to_sun_surf_alacati&#8221;][vc_column][rev_slider_vc alias=&#8221;home_02&#8243;][\/vc_column][\/vc_row][vc_row full_width=&#8221;stretch_row_content_no_spaces&#8221; equal_height=&#8221;yes&#8221; column_separator_row=&#8221;&#8221; masked_row=&#8221;&#8221; css=&#8221;.vc_custom_1739300133443{margin-top: -10px !important;background-position: center !important;background-repeat: no-repeat !important;background-size: cover !important;}&#8221;][vc_column width=&#8221;1\/2&#8243; css=&#8221;.vc_custom_1750497070175{margin-top: 50px !important;background-image: url(https:\/\/sunsurfalacati.com\/wp-content\/uploads\/2025\/06\/kitesurf.jpeg?id=6215) !important;background-position: center !important;background-repeat: no-repeat !important;background-size: cover !important;}&#8221; offset=&#8221;vc_hidden-md vc_hidden-sm vc_hidden-xs&#8221;][\/vc_column][vc_column width=&#8221;1\/2&#8243; css=&#8221;.vc_custom_1526047180310{padding-right: 10% !important;padding-left: 10% !important;}&#8221;][gt3_spacing height=&#8221;63px&#8221; responsive_es=&#8221;true&#8221; height_mobile=&#8221;0px&#8221;][gt3_custom_text text_color=&#8221;#27323d&#8221; font_size=&#8221;70&#8243; line_height=&#8221;110&#8243; use_theme_fonts=&#8221;&#8221; google_fonts_text=&#8221;font_family:Kaushan%20Script%3Aregular|font_style:400%20regular%3A400%3Anormal&#8221; responsive_font=&#8221;true&#8221; [&hellip;]<\/p>\n","protected":false},"author":1,"featured_media":0,"parent":0,"menu_order":0,"comment_status":"closed","ping_status":"closed","template":"full-width.php","meta":{"footnotes":""},"class_list":["post-5602","page","type-page","status-publish","hentry"],"_links":{"self":[{"href":"https:\/\/sunsurfalacati.com\/de\/wp-json\/wp\/v2\/pages\/5602","targetHints":{"allow":["GET"]}}],"collection":[{"href":"https:\/\/sunsurfalacati.com\/de\/wp-json\/wp\/v2\/pages"}],"about":[{"href":"https:\/\/sunsurfalacati.com\/de\/wp-json\/wp\/v2\/types\/page"}],"author":[{"embeddable":true,"href":"https:\/\/sunsurfalacati.com\/de\/wp-json\/wp\/v2\/users\/1"}],"replies":[{"embeddable":true,"href":"https:\/\/sunsurfalacati.com\/de\/wp-json\/wp\/v2\/comments?post=5602"}],"version-history":[{"count":27,"href":"https:\/\/sunsurfalacati.com\/de\/wp-json\/wp\/v2\/pages\/5602\/revisions"}],"predecessor-version":[{"id":6292,"href":"https:\/\/sunsurfalacati.com\/de\/wp-json\/wp\/v2\/pages\/5602\/revisions\/6292"}],"wp:attachment":[{"href":"https:\/\/sunsurfalacati.com\/de\/wp-json\/wp\/v2\/media?parent=5602"}],"curies":[{"name":"wp","href":"https:\/\/api.w.org\/{rel}","templated":true}]}}