{"id":5600,"date":"2017-01-18T13:15:21","date_gmt":"2017-01-18T13:15:21","guid":{"rendered":"https:\/\/sunsurfalacati.com\/wassersport\/"},"modified":"2026-04-28T08:51:16","modified_gmt":"2026-04-28T08:51:16","slug":"wassersport","status":"publish","type":"page","link":"https:\/\/sunsurfalacati.com\/de\/wassersport\/","title":{"rendered":"Wassersport"},"content":{"rendered":"<div class=\"wpb-content-wrapper\">[vc_row][vc_column][gt3_custom_text text_color=&#8221;#27323d&#8221; font_size=&#8221;30&#8243;]\n<p style=\"text-align: center;\"><strong>Was wir f\u00fcr Sie anbieten<\/strong><\/p>\n[\/gt3_custom_text][gt3_spacing height=&#8221;22px&#8221;][vc_row_inner][vc_column_inner width=&#8221;5\/6&#8243; offset=&#8221;vc_col-sm-offset-1&#8243;][gt3_custom_text text_color=&#8221;#737d84&#8243; font_size=&#8221;16&#8243; line_height=&#8221;190&#8243;]\n<p style=\"text-align: center;\">SUN SURF ALACATI ist der perfekte Spot f\u00fcr Anf\u00e4nger, Aufsteiger, Halse-Sch\u00fcler, Speed- und Freestyle-Cracks. Der konstante Wind kommt im Sommer sideshore von links und wird in der Bucht noch beschleunigt. Der gro\u00dfe, sandige Stehbereich bietet perfekte Bedingungen f\u00fcr jede K\u00f6nnensstufe und garantiert Lernerfolge.  <\/p>\n<p>&nbsp;<\/p>\n<p style=\"text-align: center;\"><strong>Kommen Sie zu uns!<\/strong><\/p>\n[\/gt3_custom_text][\/vc_column_inner][\/vc_row_inner][gt3_spacing height=&#8221;42px&#8221;][\/vc_column][\/vc_row][vc_row full_width=&#8221;stretch_row_content&#8221; gap=&#8221;15&#8243;][vc_column][vc_row_inner css=&#8221;.vc_custom_1526376587418{padding-right: 8px !important;padding-left: 8px !important;}&#8221;][vc_column_inner width=&#8221;5\/6&#8243; offset=&#8221;vc_col-md-offset-0 vc_col-md-4 vc_col-sm-offset-1&#8243;][gt3_services box_image=&#8221;6027&#8243; thumbnail=&#8221;3260&#8243; module_height=&#8221;420&#8243; custom_title_size=&#8221;67&#8243; use_theme_fonts_box_title=&#8221;&#8221; google_fonts_box_title=&#8221;font_family:Kaushan%20Script%3Aregular&#8221; title_color=&#8221;#ffffff&#8221; index_number_color=&#8221;rgba(255,255,255,0.2)&#8221; custom_content_size=&#8221;18&#8243; content_text_color=&#8221;#c9d4dc&#8221; box_hover_bg=&#8221;#28323e&#8221; title=&#8221;Windsurfen Alacati&#8221; content_text=&#8221;The consistent winds and the shallow flat water at the bay making windsurfing safe for beginners while also allowing speed surfing for advanced riders.&#8221; link=&#8221;url:http%3A%2F%2Fsunsurfalacati.com%2Fwindsurf%2F|title:Windsurfing&#8221;][gt3_spacing height=&#8221;30px&#8221;][gt3_services box_image=&#8221;4861&#8243; thumbnail=&#8221;3260&#8243; module_height=&#8221;420&#8243; custom_title_size=&#8221;67&#8243; use_theme_fonts_box_title=&#8221;&#8221; google_fonts_box_title=&#8221;font_family:Kaushan%20Script%3Aregular|font_style:400%20regular%3A400%3Anormal&#8221; title_color=&#8221;#ffffff&#8221; index_number_color=&#8221;rgba(255,255,255,0.2)&#8221; custom_content_size=&#8221;18&#8243; content_text_color=&#8221;#c9d4dc&#8221; box_hover_bg=&#8221;#28323e&#8221; title=&#8221;Standup-Paddel&#8221; content_text=&#8221;The early hours offer glassy conditions, perfect for paddling before the wind picks up. SUP is easy to learn and great for families and your fitness.&#8221; link=&#8221;url:http%3A%2F%2Fsunsurfalacati.com%2Fstandup-paddle%2F|title:Standup%20Paddle&#8221;][gt3_spacing height=&#8221;30px&#8221;][\/vc_column_inner][vc_column_inner width=&#8221;5\/6&#8243; offset=&#8221;vc_col-md-offset-0 vc_col-md-4 vc_col-sm-offset-1&#8243;][gt3_services box_image=&#8221;6119&#8243; thumbnail=&#8221;3260&#8243; module_height=&#8221;420&#8243; rotate_direction=&#8221;top&#8221; custom_title_size=&#8221;67&#8243; use_theme_fonts_box_title=&#8221;&#8221; google_fonts_box_title=&#8221;font_family:Kaushan%20Script%3Aregular|font_style:400%20regular%3A400%3Anormal&#8221; title_color=&#8221;#ffffff&#8221; index_number_color=&#8221;rgba(255,255,255,0.2)&#8221; custom_content_size=&#8221;18&#8243; content_text_color=&#8221;#c9d4dc&#8221; box_hover_bg=&#8221;#28323e&#8221; title=&#8221;Fl\u00fcgelblatt Alacati&#8221; content_text=&#8221;The consistent wind create ideal conditions for wingfoiling. The bay\u00b4s calm water make it easy to learn and to improve your skills.&#8221; link=&#8221;url:http%3A%2F%2Fsunsurfalacati.com%2Fwingfoiling%2F|title:Wingfoiling&#8221;][gt3_spacing height=&#8221;30px&#8221;][gt3_services box_image=&#8221;6022&#8243; thumbnail=&#8221;3260&#8243; module_height=&#8221;420&#8243; rotate_direction=&#8221;top&#8221; custom_title_size=&#8221;67&#8243; use_theme_fonts_box_title=&#8221;&#8221; google_fonts_box_title=&#8221;font_family:Kaushan%20Script%3Aregular|font_style:400%20regular%3A400%3Anormal&#8221; title_color=&#8221;#ffffff&#8221; index_number_color=&#8221;rgba(255,255,255,0.2)&#8221; custom_content_size=&#8221;18&#8243; content_text_color=&#8221;#c9d4dc&#8221; box_hover_bg=&#8221;#28323e&#8221; title=&#8221;Vermietungen&#8221; content_text=&#8221;At SUN SURF ALACATI we carefully select the best brands for you. We carry boards from JP and Tabou. Sails from Neil Pryde and Gaastra.&#8221; link=&#8221;url:https%3A%2F%2Fsunsurfalacati.com%2Frentals-clinics%2F|title:Rentals&#8221;][gt3_spacing height=&#8221;30px&#8221;][\/vc_column_inner][vc_column_inner width=&#8221;5\/6&#8243; offset=&#8221;vc_col-md-offset-0 vc_col-md-4 vc_col-sm-offset-1&#8243;][gt3_services box_image=&#8221;6220&#8243; thumbnail=&#8221;3260&#8243; module_height=&#8221;420&#8243; rotate_direction=&#8221;right&#8221; custom_title_size=&#8221;67&#8243; use_theme_fonts_box_title=&#8221;&#8221; google_fonts_box_title=&#8221;font_family:Kaushan%20Script%3Aregular|font_style:400%20regular%3A400%3Anormal&#8221; title_color=&#8221;#ffffff&#8221; index_number_color=&#8221;rgba(255,255,255,0.2)&#8221; custom_content_size=&#8221;18&#8243; content_text_color=&#8221;#c9d4dc&#8221; box_hover_bg=&#8221;#28323e&#8221; title=&#8221;Kitesurfen Alacati&#8221; content_text=&#8221;The constant wind and the kitesurfing beach offers a safe learning and improving. Kitesurfers have their own zones.&#8221; link=&#8221;url:http%3A%2F%2Fsunsurfalacati.com%2Fkitesurfing%2F|title:Kitesurfing&#8221;][gt3_spacing height=&#8221;30px&#8221;][gt3_spacing height=&#8221;30px&#8221;][\/vc_column_inner][\/vc_row_inner][gt3_spacing height=&#8221;30px&#8221;][gt3_spacing height=&#8221;73px&#8221; responsive_es=&#8221;true&#8221; height_mobile=&#8221;40&#8243;][\/vc_column][\/vc_row][vc_row full_width=&#8221;stretch_row&#8221; column_separator_row=&#8221;&#8221; masked_row=&#8221;true&#8221; mask_image=&#8221;3692&#8243; css=&#8221;.vc_custom_1739788485642{margin-top: -10px !important;background-image: url(http:\/\/sunsurfalacati.com\/wp-content\/uploads\/2025\/02\/sunsurfwater.jpg?id=4600) !important;background-position: center !important;background-repeat: no-repeat !important;background-size: cover !important;}&#8221;][vc_column][gt3_spacing height=&#8221;90px&#8221; responsive_es=&#8221;true&#8221; height_mobile=&#8221;60&#8243;][gt3_custom_text text_color=&#8221;#ffffff&#8221; font_size=&#8221;30&#8243; line_height=&#8221;100&#8243;]\n<p style=\"text-align: center;\"><strong>Warum SUN SURF ALACATI f\u00fcr Wassersport?<\/strong><\/p>\n[\/gt3_custom_text][gt3_spacing height=&#8221;45px&#8221;][vc_single_image image=&#8221;3133&#8243; img_size=&#8221;full&#8221; alignment=&#8221;center&#8221;][vc_row_inner el_class=&#8221;testi_02&#8243;][vc_column_inner width=&#8221;2\/3&#8243; offset=&#8221;vc_col-sm-offset-2&#8243;][vc_column_text css=&#8221;&#8221;]\n<h4 style=\"text-align: center;\"><span style=\"color: #ffffff; font-weight: bold;\" class=\"gt3_font-weight\">SUN SURF ALACATI ist ein Paradies f\u00fcr Wassersportler. Die perfekten Windbedingungen \u00fcber Monate hinweg, das flache, warme und kristallklare Wasser sind perfekt f\u00fcr den Wassersport. SUN SURF ALACATI hat f\u00fcr jeden etwas zu bieten.  <\/span><\/h4>\n[\/vc_column_text][\/vc_column_inner][\/vc_row_inner][gt3_spacing height=&#8221;63px&#8221; responsive_es=&#8221;true&#8221; height_mobile=&#8221;43&#8243;][\/vc_column][\/vc_row][vc_row full_width=&#8221;stretch_row&#8221; equal_height=&#8221;yes&#8221; content_placement=&#8221;middle&#8221; el_class=&#8221;gt3_brands_list&#8221; css=&#8221;.vc_custom_1526454970407{background-color: #28323e !important;}&#8221;][vc_column width=&#8221;1\/4&#8243;][gt3_spacing height=&#8221;7px&#8221;][gt3_spacing height=&#8221;102px&#8221; responsive_es=&#8221;true&#8221; height_mobile=&#8221;0px&#8221;][\/vc_column][vc_column width=&#8221;1\/4&#8243;][gt3_spacing height=&#8221;7px&#8221; responsive_es=&#8221;true&#8221; height_mobile=&#8221;0px&#8221;][gt3_spacing height=&#8221;102px&#8221; responsive_es=&#8221;true&#8221; height_mobile=&#8221;0px&#8221;][\/vc_column][vc_column width=&#8221;1\/4&#8243;][gt3_spacing height=&#8221;7px&#8221; responsive_es=&#8221;true&#8221; height_mobile=&#8221;0px&#8221;][gt3_spacing height=&#8221;102px&#8221; responsive_es=&#8221;true&#8221; height_mobile=&#8221;0px&#8221;][\/vc_column][vc_column width=&#8221;1\/4&#8243;][gt3_spacing height=&#8221;7px&#8221; responsive_es=&#8221;true&#8221; height_mobile=&#8221;0px&#8221;][gt3_spacing height=&#8221;102px&#8221; responsive_es=&#8221;true&#8221; height_mobile=&#8221;62&#8243;][\/vc_column][\/vc_row]\n<\/div>","protected":false},"excerpt":{"rendered":"<p>[vc_row][vc_column][gt3_custom_text text_color=&#8221;#27323d&#8221; font_size=&#8221;30&#8243;] Was wir f\u00fcr Sie anbieten [\/gt3_custom_text][gt3_spacing height=&#8221;22px&#8221;][vc_row_inner][vc_column_inner width=&#8221;5\/6&#8243; offset=&#8221;vc_col-sm-offset-1&#8243;][gt3_custom_text text_color=&#8221;#737d84&#8243; font_size=&#8221;16&#8243; line_height=&#8221;190&#8243;] SUN SURF ALACATI ist der perfekte Spot f\u00fcr Anf\u00e4nger, Aufsteiger, Halse-Sch\u00fcler, Speed- und Freestyle-Cracks. Der konstante Wind kommt im Sommer sideshore von links und wird in der Bucht noch beschleunigt. Der gro\u00dfe, sandige Stehbereich bietet perfekte Bedingungen f\u00fcr jede K\u00f6nnensstufe [&hellip;]<\/p>\n","protected":false},"author":1,"featured_media":0,"parent":0,"menu_order":0,"comment_status":"closed","ping_status":"closed","template":"full-width.php","meta":{"footnotes":""},"class_list":["post-5600","page","type-page","status-publish","hentry"],"_links":{"self":[{"href":"https:\/\/sunsurfalacati.com\/de\/wp-json\/wp\/v2\/pages\/5600","targetHints":{"allow":["GET"]}}],"collection":[{"href":"https:\/\/sunsurfalacati.com\/de\/wp-json\/wp\/v2\/pages"}],"about":[{"href":"https:\/\/sunsurfalacati.com\/de\/wp-json\/wp\/v2\/types\/page"}],"author":[{"embeddable":true,"href":"https:\/\/sunsurfalacati.com\/de\/wp-json\/wp\/v2\/users\/1"}],"replies":[{"embeddable":true,"href":"https:\/\/sunsurfalacati.com\/de\/wp-json\/wp\/v2\/comments?post=5600"}],"version-history":[{"count":11,"href":"https:\/\/sunsurfalacati.com\/de\/wp-json\/wp\/v2\/pages\/5600\/revisions"}],"predecessor-version":[{"id":6342,"href":"https:\/\/sunsurfalacati.com\/de\/wp-json\/wp\/v2\/pages\/5600\/revisions\/6342"}],"wp:attachment":[{"href":"https:\/\/sunsurfalacati.com\/de\/wp-json\/wp\/v2\/media?parent=5600"}],"curies":[{"name":"wp","href":"https:\/\/api.w.org\/{rel}","templated":true}]}}