{"id":5593,"date":"2017-01-18T09:47:33","date_gmt":"2017-01-18T09:47:33","guid":{"rendered":"https:\/\/sunsurfalacati.com\/ueber-uns\/"},"modified":"2025-03-28T10:00:32","modified_gmt":"2025-03-28T10:00:32","slug":"ueber-uns","status":"publish","type":"page","link":"https:\/\/sunsurfalacati.com\/de\/ueber-uns\/","title":{"rendered":"\u00dcber uns"},"content":{"rendered":"<div class=\"wpb-content-wrapper\">[vc_row full_width=&#8221;stretch_row&#8221; column_separator_row=&#8221;&#8221; css=&#8221;.vc_custom_1739480487059{margin-top: -80px !important;background-position: center !important;background-repeat: no-repeat !important;background-size: cover !important;}&#8221;][vc_column width=&#8221;1\/2&#8243;][gt3_spacing height=&#8221;80px&#8221; responsive_es=&#8221;true&#8221; height_mobile=&#8221;0px&#8221;][gt3_custom_text text_color=&#8221;#27323d&#8221; font_size=&#8221;30&#8243; line_height=&#8221;160&#8243;]<b>Unsere Geschichte<\/b>[\/gt3_custom_text][gt3_spacing height=&#8221;18px&#8221;][gt3_custom_text text_color=&#8221;#28323e&#8221; font_size=&#8221;16&#8243; line_height=&#8221;190&#8243;]Willkommen bei SUN SURF ALACATI! Mein Name ist Apo. Ich bin in Mardin im Osten der T\u00fcrkiye aufgewachsen. Schon als Kind war es mein gr\u00f6\u00dfter Traum, das Meer zu sehen und das Rauschen der Wellen zu h\u00f6ren. Jetzt kann ich sagen, dass dieser Klang ein Teil meines Lebens ist. Seit \u00fcber 20 Jahren unterrichte ich auf der ganzen Welt und gebe meine Leidenschaft an die j\u00fcngere Generation weiter.[\/gt3_custom_text][gt3_spacing height=&#8221;17px&#8221;][gt3_custom_text text_color=&#8221;#28323e&#8221; font_size=&#8221;16&#8243; line_height=&#8221;190&#8243;]Ich w\u00fcrde sagen, dass es kein besseres Gef\u00fchl gibt, als ein Schmetterling zu sein, der \u00fcber das Wasser fliegt und mit den Elementen verbunden zu sein. Denn der Sinn des Lebens besteht f\u00fcr mich darin, in die Natur zu gehen, wo man wahre Freiheit finden kann.[\/gt3_custom_text][gt3_spacing height=&#8221;40px&#8221;][gt3_custom_text text_color=&#8221;#000000&#8243; font_size=&#8221;16&#8243; line_height=&#8221;190&#8243;]Dieses Jahr verwirkliche ich meinen Traum und er\u00f6ffne mit meinen Partnern mein eigenes Surfcenter an der Westk\u00fcste der T\u00fcrkei in Alacati, einem der besten Spots, um Surfen zu lernen und es zu verbessern. Abschlie\u00dfend kann ich sagen, dass es nie zu sp\u00e4t ist, einen Traum zu haben, man muss ihn nur verfolgen.[\/gt3_custom_text][gt3_custom_text text_color=&#8221;#000000&#8243; font_size=&#8221;16&#8243; line_height=&#8221;190&#8243;]<strong>Komme mit mir auf das Wasser und wir fliegen gemeinsam wie ein Schmetterling.<\/strong>[\/gt3_custom_text][gt3_spacing height=&#8221;120px&#8221; responsive_es=&#8221;true&#8221; height_mobile=&#8221;60&#8243;][\/vc_column][vc_column width=&#8221;1\/2&#8243;][gt3_spacing height=&#8221;120px&#8221;][gt3_custom_text text_color=&#8221;#737d84&#8243;]<iframe loading=\"lazy\" title=\"Mardin&#039;den Okyanuslara Uzanan Bir Yol | ABDURRAH\u0130M KORKMAZ | TEDx\u0130K\u00dc\" width=\"940\" height=\"529\" src=\"https:\/\/www.youtube.com\/embed\/mKGCIZ6c1Rc?feature=oembed\" frameborder=\"0\" allow=\"accelerometer; autoplay; clipboard-write; encrypted-media; gyroscope; picture-in-picture; web-share\" referrerpolicy=\"strict-origin-when-cross-origin\" allowfullscreen><\/iframe>[\/gt3_custom_text][\/vc_column][\/vc_row][vc_row full_width=&#8221;stretch_row&#8221; css=&#8221;.vc_custom_1526458951439{background-color: #28323e !important;}&#8221;][vc_column][gt3_spacing height=&#8221;57px&#8221; responsive_es=&#8221;true&#8221; height_mobile=&#8221;32&#8243;][vc_row_inner][vc_column_inner width=&#8221;7\/12&#8243;][gt3_custom_text text_color=&#8221;#ffffff&#8221; font_size=&#8221;30&#8243; line_height=&#8221;100&#8243;]<strong>Unsere Kurse<\/strong>[\/gt3_custom_text][\/vc_column_inner][vc_column_inner width=&#8221;5\/12&#8243;][gt3_custom_text text_color=&#8221;#909aa3&#8243; font_size=&#8221;16&#8243;]\n<p style=\"text-align: right;\"><a href=\"https:\/\/sunsurfalacati.com\/de\/kurse\/\"><span class=\"gt3_highlighter\" style=\";color: #dd6666;\">Alle \u2192 ansehen<\/span><\/a><\/p>\n[\/gt3_custom_text][\/vc_column_inner][\/vc_row_inner][gt3_spacing height=&#8221;22px&#8221;][gt3_custom_text text_color=&#8221;#c9d4dc&#8221; font_size=&#8221;16&#8243; line_height=&#8221;190&#8243;]<span>Unsere Surfkurse sind perfekt f\u00fcr Anf\u00e4nger aber auch Fortgeschrittene. Egal, ob Du diesen Sport erlernen m\u00f6chtest oder Deine Technik verbessern m\u00f6chtest. Unsere erfahrenen Surflehrer werden Dich bei jedem Schritt begleiten.\u00a0<\/span><strong>Freue Dich auf unvergessliche Erlebnisse auf dem Wasser!<\/strong>[\/gt3_custom_text][gt3_spacing height=&#8221;44px&#8221;]<div class=\"gt3_practice_list module_on_dark\"><div class=\"gt3_practice_list__posts-container row \"><article class=\"gt3_practice_list__item span4 item_31 item_34\"><div class=\"gt3_practice_list__image-holder\"><a href=\"https:\/\/sunsurfalacati.com\/de\/practice\/lektionen-fuer-kinder\/\" class=\"gt3_practice_list__image_link\"><img decoding=\"async\"  src=\"https:\/\/sunsurfalacati.com\/wp-content\/uploads\/2020\/05\/sunsurf-kids-lesson-780x592.jpg\" alt=\"Unterricht f\u00fcr Kinder\" \/><\/a><div class=\"icon-link\"><i class=\"\"><\/i><\/div><\/div><div class=\"gt3_practice_list__content\"><h4 class=\"gt3_practice_list__title\">Unterricht f\u00fcr Kinder<\/h4><div class=\"gt3_practice_list__text\">Wir werden Ihre Kinder nur mit professionellen Lehrern und Ausr\u00fcstung unterrichten. Wir bieten...<\/div><a href=\"https:\/\/sunsurfalacati.com\/de\/practice\/lektionen-fuer-kinder\/\" class=\"gt3_practice_list__link learn_more\">Learn More<span><\/span><\/a><\/div><\/article><article class=\"gt3_practice_list__item span4 item_31 item_40 item_44\"><div class=\"gt3_practice_list__image-holder\"><a href=\"https:\/\/sunsurfalacati.com\/de\/practice\/gruppenunterricht\/\" class=\"gt3_practice_list__image_link\"><img decoding=\"async\"  src=\"https:\/\/sunsurfalacati.com\/wp-content\/uploads\/2025\/02\/sun-surf-kite-surf-780x592.jpg\" alt=\"Gruppenunterricht\" \/><\/a><div class=\"icon-link\"><i class=\"\"><\/i><\/div><\/div><div class=\"gt3_practice_list__content\"><h4 class=\"gt3_practice_list__title\">Gruppenunterricht<\/h4><div class=\"gt3_practice_list__text\">Unser privater Gruppenunterricht ist f\u00fcr Gruppen von 2 oder mehr Personen gedacht und eignet sich...<\/div><a href=\"https:\/\/sunsurfalacati.com\/de\/practice\/gruppenunterricht\/\" class=\"gt3_practice_list__link learn_more\">Learn More<span><\/span><\/a><\/div><\/article><article class=\"gt3_practice_list__item span4 item_31 item_40\"><div class=\"gt3_practice_list__image-holder\"><a href=\"https:\/\/sunsurfalacati.com\/de\/practice\/privatunterricht\/\" class=\"gt3_practice_list__image_link\"><img decoding=\"async\"  src=\"https:\/\/sunsurfalacati.com\/wp-content\/uploads\/2025\/05\/wingfoil_sunsurf-780x592.jpg\" alt=\"Privatunterricht\" \/><\/a><div class=\"icon-link\"><i class=\"\"><\/i><\/div><\/div><div class=\"gt3_practice_list__content\"><h4 class=\"gt3_practice_list__title\">Privatunterricht<\/h4><div class=\"gt3_practice_list__text\">Wir bieten auch privaten Surfunterricht an, bei denen wir ganz individuell auf Deine Bed\u00fcrfnisse eingehen...<\/div><a href=\"https:\/\/sunsurfalacati.com\/de\/practice\/privatunterricht\/\" class=\"gt3_practice_list__link learn_more\">Learn More<span><\/span><\/a><\/div><\/article><\/div><\/div>[gt3_spacing height=&#8221;30px&#8221; responsive_es=&#8221;true&#8221; height_mobile=&#8221;0px&#8221;][\/vc_column][\/vc_row][vc_row full_width=&#8221;stretch_row&#8221; equal_height=&#8221;yes&#8221; content_placement=&#8221;middle&#8221; el_class=&#8221;gt3_brands_list&#8221; css=&#8221;.vc_custom_1526454970407{background-color: #28323e !important;}&#8221;][vc_column width=&#8221;1\/4&#8243;][gt3_spacing height=&#8221;7px&#8221;][gt3_spacing height=&#8221;102px&#8221; responsive_es=&#8221;true&#8221; height_mobile=&#8221;0px&#8221;][\/vc_column][vc_column width=&#8221;1\/4&#8243;][gt3_spacing height=&#8221;7px&#8221;][gt3_spacing height=&#8221;102px&#8221; responsive_es=&#8221;true&#8221; height_mobile=&#8221;0px&#8221;][\/vc_column][vc_column width=&#8221;1\/4&#8243;][gt3_spacing height=&#8221;7px&#8221;][gt3_spacing height=&#8221;102px&#8221; responsive_es=&#8221;true&#8221; height_mobile=&#8221;0px&#8221;][\/vc_column][vc_column width=&#8221;1\/4&#8243;][gt3_spacing height=&#8221;7px&#8221;][gt3_spacing height=&#8221;102px&#8221; responsive_es=&#8221;true&#8221; height_mobile=&#8221;50&#8243;][\/vc_column][\/vc_row]\n<\/div>","protected":false},"excerpt":{"rendered":"<p>[vc_row full_width=&#8221;stretch_row&#8221; column_separator_row=&#8221;&#8221; css=&#8221;.vc_custom_1739480487059{margin-top: -80px !important;background-position: center !important;background-repeat: no-repeat !important;background-size: cover !important;}&#8221;][vc_column width=&#8221;1\/2&#8243;][gt3_spacing height=&#8221;80px&#8221; responsive_es=&#8221;true&#8221; height_mobile=&#8221;0px&#8221;][gt3_custom_text text_color=&#8221;#27323d&#8221; font_size=&#8221;30&#8243; line_height=&#8221;160&#8243;]Unsere Geschichte[\/gt3_custom_text][gt3_spacing height=&#8221;18px&#8221;][gt3_custom_text text_color=&#8221;#28323e&#8221; font_size=&#8221;16&#8243; line_height=&#8221;190&#8243;]Willkommen bei SUN SURF ALACATI! Mein Name ist Apo. Ich bin in Mardin im Osten der T\u00fcrkiye aufgewachsen. Schon als Kind war es mein gr\u00f6\u00dfter Traum, das Meer zu sehen und das [&hellip;]<\/p>\n","protected":false},"author":1,"featured_media":0,"parent":0,"menu_order":0,"comment_status":"closed","ping_status":"closed","template":"full-width.php","meta":{"footnotes":""},"class_list":["post-5593","page","type-page","status-publish","hentry"],"_links":{"self":[{"href":"https:\/\/sunsurfalacati.com\/de\/wp-json\/wp\/v2\/pages\/5593","targetHints":{"allow":["GET"]}}],"collection":[{"href":"https:\/\/sunsurfalacati.com\/de\/wp-json\/wp\/v2\/pages"}],"about":[{"href":"https:\/\/sunsurfalacati.com\/de\/wp-json\/wp\/v2\/types\/page"}],"author":[{"embeddable":true,"href":"https:\/\/sunsurfalacati.com\/de\/wp-json\/wp\/v2\/users\/1"}],"replies":[{"embeddable":true,"href":"https:\/\/sunsurfalacati.com\/de\/wp-json\/wp\/v2\/comments?post=5593"}],"version-history":[{"count":6,"href":"https:\/\/sunsurfalacati.com\/de\/wp-json\/wp\/v2\/pages\/5593\/revisions"}],"predecessor-version":[{"id":5919,"href":"https:\/\/sunsurfalacati.com\/de\/wp-json\/wp\/v2\/pages\/5593\/revisions\/5919"}],"wp:attachment":[{"href":"https:\/\/sunsurfalacati.com\/de\/wp-json\/wp\/v2\/media?parent=5593"}],"curies":[{"name":"wp","href":"https:\/\/api.w.org\/{rel}","templated":true}]}}