{"id":5587,"date":"2018-02-26T10:09:43","date_gmt":"2018-02-26T10:09:43","guid":{"rendered":"https:\/\/sunsurfalacati.com\/unser-team\/"},"modified":"2025-05-05T14:44:06","modified_gmt":"2025-05-05T14:44:06","slug":"unser-team","status":"publish","type":"page","link":"https:\/\/sunsurfalacati.com\/de\/unser-team\/","title":{"rendered":"Unser Team"},"content":{"rendered":"<div class=\"wpb-content-wrapper\">[vc_row full_width=&#8221;stretch_row&#8221; column_separator_row=&#8221;&#8221; masked_row=&#8221;&#8221; css=&#8221;.vc_custom_1739987172011{margin-top: -80px !important;background-position: center !important;background-repeat: no-repeat !important;background-size: cover !important;}&#8221;][vc_column width=&#8221;1\/2&#8243; css=&#8221;.vc_custom_1526025460763{padding-left: 14% !important;}&#8221;][gt3_spacing height=&#8221;80px&#8221; responsive_es=&#8221;true&#8221; height_mobile=&#8221;0px&#8221;][gt3_custom_text text_color=&#8221;#27323d&#8221; font_size=&#8221;30&#8243; line_height=&#8221;155&#8243;]<strong>Unser Team ist f\u00fcr Dich Da<\/strong><\/p>\n<p>&nbsp;[\/gt3_custom_text][gt3_spacing height=&#8221;18px&#8221;][gt3_custom_text text_color=&#8221;#737d84&#8243; font_size=&#8221;16&#8243; line_height=&#8221;190&#8243;]Wir haben professionelle Lehrer, die \u00fcber jahrelange Erfahrung im Unterrichten von Wassersportarten auf der ganzen Welt verf\u00fcgen. Egal ob Du Anf\u00e4nger oder ein erfahrener Surfer bist, unser Team steht Dir bei jedem Schritt zur Seite.<br \/>\nWir sprechen T\u00fcrkisch, Englisch, Deutsch, Italienisch, Portugiesisch und Spanisch.<\/p>\n<p><strong>Wir lieben es, unsere Passion mit Dir zu teilen.<\/strong>[\/gt3_custom_text][gt3_spacing height=&#8221;27px&#8221;][gt3_spacing height=&#8221;106px&#8221; responsive_es=&#8221;true&#8221; height_mobile=&#8221;50&#8243;][\/vc_column][vc_column width=&#8221;1\/2&#8243;][\/vc_column][\/vc_row][vc_row full_width=&#8221;stretch_row&#8221; css=&#8221;.vc_custom_1526028290261{background-color: #28323e !important;}&#8221;][vc_column css=&#8221;.vc_custom_1522848871910{padding-bottom: 40px !important;}&#8221;][gt3_spacing height=&#8221;66px&#8221; responsive_es=&#8221;true&#8221; height_tablet=&#8221;50&#8243; height_mobile=&#8221;30&#8243;][\/vc_column][\/vc_row][vc_row full_width=&#8221;stretch_row&#8221; column_separator_row=&#8221;&#8221; masked_row=&#8221;true&#8221; mask_image=&#8221;3684&#8243; css=&#8221;.vc_custom_1746456240148{margin-top: -12px !important;margin-bottom: -10px !important;background-image: url(https:\/\/sunsurfalacati.com\/wp-content\/uploads\/2025\/05\/sunsurf_kids.png?id=5978) !important;background-position: center !important;background-repeat: no-repeat !important;background-size: cover !important;}&#8221;][vc_column][gt3_spacing height=&#8221;90px&#8221; responsive_es=&#8221;true&#8221; height_mobile=&#8221;50&#8243;][gt3_custom_text text_color=&#8221;#ffffff&#8221; font_size=&#8221;30&#8243; line_height=&#8221;100&#8243;]\n<p style=\"text-align: center;\"><strong>Feedback<\/strong><\/p>\n[\/gt3_custom_text][gt3_spacing height=&#8221;45px&#8221;][vc_single_image image=&#8221;3133&#8243; img_size=&#8221;full&#8221; alignment=&#8221;center&#8221;][gt3_spacing height=&#8221;23px&#8221;][vc_row_inner el_class=&#8221;testi_02&#8243;][vc_column_inner width=&#8221;2\/3&#8243; offset=&#8221;vc_col-sm-offset-2&#8243;][gt3_testimonials view_type=&#8221;type4&#8243; testimonilas_text_size=&#8221;24&#8243; text_color=&#8221;#ffffff&#8221; testimonilas_author_size=&#8221;18&#8243; sign_color=&#8221;#ffffff&#8221;][gt3_testimonial_item tstm_author=&#8221;Anna&#8221; tstm_position=&#8221;client, germany&#8221; select_rate=&#8221;none&#8221;]\n<p style=\"text-align: center;\">Ich habe das Surfen bisher nur einmal ausprobiert und wollte es seitdem immer wieder versuchen. Also beschloss ich, eine Stunde zu nehmen. Es war wunderbar. Mein Surflehrer war wirklich nett und positiv, es war toll, von ihm zu lernen.<\/p>\n[\/gt3_testimonial_item][\/gt3_testimonials][\/vc_column_inner][\/vc_row_inner][gt3_spacing height=&#8221;63px&#8221; responsive_es=&#8221;true&#8221; height_mobile=&#8221;43&#8243;][\/vc_column][\/vc_row][vc_row el_class=&#8221;gt3_brands_list&#8221;][vc_column width=&#8221;1\/4&#8243;][gt3_spacing height=&#8221;59px&#8221; responsive_es=&#8221;true&#8221; height_mobile=&#8221;40&#8243;][gt3_spacing height=&#8221;102px&#8221; responsive_es=&#8221;true&#8221; height_mobile=&#8221;0px&#8221;][\/vc_column][vc_column width=&#8221;1\/4&#8243;][gt3_spacing height=&#8221;59px&#8221; responsive_es=&#8221;true&#8221; height_mobile=&#8221;40px&#8221;][gt3_spacing height=&#8221;102px&#8221; responsive_es=&#8221;true&#8221; height_mobile=&#8221;0px&#8221;][\/vc_column][vc_column width=&#8221;1\/4&#8243;][gt3_spacing height=&#8221;59px&#8221; responsive_es=&#8221;true&#8221; height_mobile=&#8221;40px&#8221;][gt3_spacing height=&#8221;102px&#8221; responsive_es=&#8221;true&#8221; height_mobile=&#8221;0px&#8221;][\/vc_column][vc_column width=&#8221;1\/4&#8243;][gt3_spacing height=&#8221;59px&#8221; responsive_es=&#8221;true&#8221; height_mobile=&#8221;40px&#8221;][gt3_spacing height=&#8221;102px&#8221; responsive_es=&#8221;true&#8221; height_mobile=&#8221;60&#8243;][\/vc_column][\/vc_row]\n<\/div>","protected":false},"excerpt":{"rendered":"<p>[vc_row full_width=&#8221;stretch_row&#8221; column_separator_row=&#8221;&#8221; masked_row=&#8221;&#8221; css=&#8221;.vc_custom_1739987172011{margin-top: -80px !important;background-position: center !important;background-repeat: no-repeat !important;background-size: cover !important;}&#8221;][vc_column width=&#8221;1\/2&#8243; css=&#8221;.vc_custom_1526025460763{padding-left: 14% !important;}&#8221;][gt3_spacing height=&#8221;80px&#8221; responsive_es=&#8221;true&#8221; height_mobile=&#8221;0px&#8221;][gt3_custom_text text_color=&#8221;#27323d&#8221; font_size=&#8221;30&#8243; line_height=&#8221;155&#8243;]Unser Team ist f\u00fcr Dich Da &nbsp;[\/gt3_custom_text][gt3_spacing height=&#8221;18px&#8221;][gt3_custom_text text_color=&#8221;#737d84&#8243; font_size=&#8221;16&#8243; line_height=&#8221;190&#8243;]Wir haben professionelle Lehrer, die \u00fcber jahrelange Erfahrung im Unterrichten von Wassersportarten auf der ganzen Welt verf\u00fcgen. Egal ob Du Anf\u00e4nger oder ein [&hellip;]<\/p>\n","protected":false},"author":1,"featured_media":0,"parent":0,"menu_order":0,"comment_status":"closed","ping_status":"closed","template":"full-width.php","meta":{"footnotes":""},"class_list":["post-5587","page","type-page","status-publish","hentry"],"_links":{"self":[{"href":"https:\/\/sunsurfalacati.com\/de\/wp-json\/wp\/v2\/pages\/5587","targetHints":{"allow":["GET"]}}],"collection":[{"href":"https:\/\/sunsurfalacati.com\/de\/wp-json\/wp\/v2\/pages"}],"about":[{"href":"https:\/\/sunsurfalacati.com\/de\/wp-json\/wp\/v2\/types\/page"}],"author":[{"embeddable":true,"href":"https:\/\/sunsurfalacati.com\/de\/wp-json\/wp\/v2\/users\/1"}],"replies":[{"embeddable":true,"href":"https:\/\/sunsurfalacati.com\/de\/wp-json\/wp\/v2\/comments?post=5587"}],"version-history":[{"count":4,"href":"https:\/\/sunsurfalacati.com\/de\/wp-json\/wp\/v2\/pages\/5587\/revisions"}],"predecessor-version":[{"id":5982,"href":"https:\/\/sunsurfalacati.com\/de\/wp-json\/wp\/v2\/pages\/5587\/revisions\/5982"}],"wp:attachment":[{"href":"https:\/\/sunsurfalacati.com\/de\/wp-json\/wp\/v2\/media?parent=5587"}],"curies":[{"name":"wp","href":"https:\/\/api.w.org\/{rel}","templated":true}]}}