{"id":5585,"date":"2017-01-19T12:10:08","date_gmt":"2017-01-19T12:10:08","guid":{"rendered":"https:\/\/sunsurfalacati.com\/kontakte\/"},"modified":"2026-05-13T10:57:42","modified_gmt":"2026-05-13T10:57:42","slug":"kontakte","status":"publish","type":"page","link":"https:\/\/sunsurfalacati.com\/de\/kontakte\/","title":{"rendered":"Kontakte"},"content":{"rendered":"<div class=\"wpb-content-wrapper\">[vc_row full_width=&#8221;stretch_row&#8221; column_separator_row=&#8221;&#8221; masked_row=&#8221;&#8221; css=&#8221;.vc_custom_1527667058326{margin-top: -80px !important;background-image: url(https:\/\/livewp.site\/wp\/md\/surfy\/wp-content\/uploads\/sites\/43\/2018\/05\/bg_contacts.jpg?id=3890) !important;background-position: center !important;background-repeat: no-repeat !important;background-size: cover !important;}&#8221;][vc_column width=&#8221;1\/2&#8243;][gt3_spacing height=&#8221;54px&#8221; responsive_es=&#8221;true&#8221; height_mobile=&#8221;30&#8243;][gt3_custom_text text_color=&#8221;#27323d&#8221; font_size=&#8221;30&#8243; line_height=&#8221;100&#8243;]\n<h2><strong>Kontakt aufnehmen<\/strong><\/h2>\n[\/gt3_custom_text][gt3_spacing height=&#8221;18px&#8221;][gt3_custom_text text_color=&#8221;#737d84&#8243; font_size=&#8221;16&#8243; line_height=&#8221;190&#8243;]<span>Wir sind ein Team von leidenschaftlichen <\/span><strong>Wassersportlern<\/strong><span>  Wir freuen uns darauf, unsere Erfahrung, unsere Liebe zum Sport und unsere atemberaubende Lage mit Ihnen zu teilen! W <\/span><span>Wir sind hier, um zu helfen. Nehmen Sie Kontakt mit uns auf, wir sind ganz Ohr! <\/span>[\/gt3_custom_text][gt3_spacing height=&#8221;27px&#8221;][gt3_custom_text text_color=&#8221;#27323d&#8221; font_size=&#8221;16&#8243; line_height=&#8221;150&#8243;]<span style=\"font-weight: 300;\" class=\"gt3_font-weight\"><a class=\"gt3_icon_link gt3_custom_color\" href=\"https:\/\/www.google.com\/maps\/place\/SUNSURF+ALA%C3%87ATI\/@38.2476821,26.3851757,17z\/data=!4m6!3m5!1s0x14bb7f0009578b8b:0xc72e3ef7ccd2a094!8m2!3d38.2476821!4d26.3851757!16s%2Fg%2F11x27qwrdm?entry=ttu&amp;g_ep=EgoyMDI1MDIxMi4wIKXMDSoASAFQAw%3D%3D\" target=\"_blank\" style=\"font-size: 16px; color: #eb5e6e; margin-right: 0px; margin-top: 0px;\" rel=\"noopener noreferrer\"><i class=\"fa fa-map-marker\"> <\/i><\/a> <span>Ala\u00e7at\u0131, 18010 sok No 11, 35930 \u00c7e\u015fme\/\u0130zmir, T\u00fcrkiye<\/span><\/span>[\/gt3_custom_text][gt3_spacing height=&#8221;20px&#8221;][gt3_custom_text text_color=&#8221;#27323d&#8221; font_size=&#8221;16&#8243; line_height=&#8221;150&#8243;]<span style=\"font-weight: 300;\" class=\"gt3_font-weight\"><a class=\"gt3_icon_link gt3_custom_color\" href=\"#\" target=\"_self\" style=\"font-size: 16px; color: #eb5e6e; margin-right: 0px; margin-top: 0px;\" rel=\"noopener noreferrer\"><i class=\"fa fa-phone\"> <\/i><\/a>  +90546 151 60 08<\/span>[\/gt3_custom_text][gt3_spacing height=&#8221;20px&#8221;][gt3_custom_text text_color=&#8221;#27323d&#8221; font_size=&#8221;16&#8243; line_height=&#8221;150&#8243;]<span style=\"font-weight: 300;\" class=\"gt3_font-weight\"><a class=\"gt3_icon_link gt3_custom_color\" href=\"#\" target=\"_self\" style=\"font-size: 16px; color: #eb5e6e; margin-right: 0px; margin-top: 0px;\" rel=\"noopener noreferrer\"><i class=\"fa fa-envelope\"> <\/i><\/a> <a href=\"mailto:info@sunsurfalacati.com\">info@sunsurfalacati.com<\/a><\/span>[\/gt3_custom_text][gt3_spacing height=&#8221;30px&#8221;][gt3_custom_text text_color=&#8221;#909aa3&#8243; font_size=&#8221;16&#8243;]<a class=\"gt3_icon_link\" href=\"https:\/\/www.instagram.com\/sunsurfalacati\/\" target=\"_blank\" style=\"font-size: 20px; color: inherit; margin-right: 15px; margin-top: 5px;\" rel=\"noopener\"><i class=\"fa fa-instagram\"> <\/i><\/a>[\/gt3_custom_text][gt3_spacing height=&#8221;0px&#8221; responsive_es=&#8221;true&#8221; height_tablet=&#8221;40px&#8221; height_mobile=&#8221;20px&#8221;][\/vc_column][vc_column width=&#8221;1\/2&#8243;][gt3_spacing height=&#8221;54px&#8221; responsive_es=&#8221;true&#8221; height_mobile=&#8221;0px&#8221;][gt3_custom_text text_color=&#8221;#27323d&#8221; font_size=&#8221;30&#8243; line_height=&#8221;100&#8243;]\n<h2><strong>Schreiben Sie uns eine Nachricht<\/strong><\/h2>\n[\/gt3_custom_text][gt3_spacing height=&#8221;33px&#8221;]\n<div class=\"wpcf7 no-js\" id=\"wpcf7-f5609-o1\" lang=\"de-DE\" dir=\"ltr\" data-wpcf7-id=\"5609\">\n<div class=\"screen-reader-response\"><p role=\"status\" aria-live=\"polite\" aria-atomic=\"true\"><\/p> <ul><\/ul><\/div>\n<form action=\"\/de\/wp-json\/wp\/v2\/pages\/5585#wpcf7-f5609-o1\" method=\"post\" class=\"wpcf7-form init\" aria-label=\"Kontaktformular\" novalidate=\"novalidate\" data-status=\"init\">\n<fieldset class=\"hidden-fields-container\"><input type=\"hidden\" name=\"_wpcf7\" value=\"5609\" \/><input type=\"hidden\" name=\"_wpcf7_version\" value=\"6.1.5\" \/><input type=\"hidden\" name=\"_wpcf7_locale\" value=\"de_DE\" \/><input type=\"hidden\" name=\"_wpcf7_unit_tag\" value=\"wpcf7-f5609-o1\" \/><input type=\"hidden\" name=\"_wpcf7_container_post\" value=\"0\" \/><input type=\"hidden\" name=\"_wpcf7_posted_data_hash\" value=\"\" \/>\n<\/fieldset>\n<div class=\"row contact-page\">\n\t<div class=\"span6\">\n\t\t<p><span class=\"wpcf7-form-control-wrap\" data-name=\"Name\"><input size=\"40\" maxlength=\"400\" class=\"wpcf7-form-control wpcf7-text wpcf7-validates-as-required\" aria-required=\"true\" aria-invalid=\"false\" value=\"Name *\" type=\"text\" name=\"Name\" \/><\/span>\n\t\t<\/p>\n\t<\/div>\n\t<div class=\"span6\">\n\t\t<p><span class=\"wpcf7-form-control-wrap\" data-name=\"ihr-email\"><input size=\"40\" maxlength=\"400\" class=\"wpcf7-form-control wpcf7-email wpcf7-validates-as-required wpcf7-text wpcf7-validates-as-email\" aria-required=\"true\" aria-invalid=\"false\" value=\"E-Mail *\" type=\"email\" name=\"ihr-email\" \/><\/span>\n\t\t<\/p>\n\t<\/div>\n\t<div class=\"span12 custom_textarea\">\n\t\t<p><span class=\"wpcf7-form-control-wrap\" data-name=\"your-message\"><textarea cols=\"40\" rows=\"10\" maxlength=\"2000\" class=\"wpcf7-form-control wpcf7-textarea\" aria-invalid=\"false\" placeholder=\"Nachricht\" name=\"your-message\"><\/textarea><\/span>\n\t\t<\/p>\n\t\t<div class=\"form-submit_custom text-left\">\n\t\t\t<p><input class=\"wpcf7-form-control wpcf7-submit has-spinner\" type=\"submit\" value=\"NACHRICHTEN SENDEN\" \/>\n\t\t\t<\/p>\n\t\t<\/div>\n\t<\/div>\n<\/div><div class=\"wpcf7-response-output\" aria-hidden=\"true\"><\/div>\n<\/form>\n<\/div>\n[\/vc_column][\/vc_row][vc_row][vc_column][\/vc_column][\/vc_row][vc_row][vc_column][vc_single_image image=&#8221;4678&#8243; img_size=&#8221;full&#8221; alignment=&#8221;center&#8221; css=&#8221;&#8221;][\/vc_column][\/vc_row]\n<\/div>","protected":false},"excerpt":{"rendered":"<p>[vc_row full_width=&#8221;stretch_row&#8221; column_separator_row=&#8221;&#8221; masked_row=&#8221;&#8221; css=&#8221;.vc_custom_1527667058326{margin-top: -80px !important;background-image: url(https:\/\/livewp.site\/wp\/md\/surfy\/wp-content\/uploads\/sites\/43\/2018\/05\/bg_contacts.jpg?id=3890) !important;background-position: center !important;background-repeat: no-repeat !important;background-size: cover !important;}&#8221;][vc_column width=&#8221;1\/2&#8243;][gt3_spacing height=&#8221;54px&#8221; responsive_es=&#8221;true&#8221; height_mobile=&#8221;30&#8243;][gt3_custom_text text_color=&#8221;#27323d&#8221; font_size=&#8221;30&#8243; line_height=&#8221;100&#8243;] Kontakt aufnehmen [\/gt3_custom_text][gt3_spacing height=&#8221;18px&#8221;][gt3_custom_text text_color=&#8221;#737d84&#8243; font_size=&#8221;16&#8243; line_height=&#8221;190&#8243;]Wir sind ein Team von leidenschaftlichen Wassersportlern Wir freuen uns darauf, unsere Erfahrung, unsere Liebe zum Sport und unsere atemberaubende Lage mit Ihnen zu teilen! W Wir [&hellip;]<\/p>\n","protected":false},"author":1,"featured_media":0,"parent":0,"menu_order":0,"comment_status":"closed","ping_status":"closed","template":"","meta":{"footnotes":""},"class_list":["post-5585","page","type-page","status-publish","hentry"],"_links":{"self":[{"href":"https:\/\/sunsurfalacati.com\/de\/wp-json\/wp\/v2\/pages\/5585","targetHints":{"allow":["GET"]}}],"collection":[{"href":"https:\/\/sunsurfalacati.com\/de\/wp-json\/wp\/v2\/pages"}],"about":[{"href":"https:\/\/sunsurfalacati.com\/de\/wp-json\/wp\/v2\/types\/page"}],"author":[{"embeddable":true,"href":"https:\/\/sunsurfalacati.com\/de\/wp-json\/wp\/v2\/users\/1"}],"replies":[{"embeddable":true,"href":"https:\/\/sunsurfalacati.com\/de\/wp-json\/wp\/v2\/comments?post=5585"}],"version-history":[{"count":6,"href":"https:\/\/sunsurfalacati.com\/de\/wp-json\/wp\/v2\/pages\/5585\/revisions"}],"predecessor-version":[{"id":6585,"href":"https:\/\/sunsurfalacati.com\/de\/wp-json\/wp\/v2\/pages\/5585\/revisions\/6585"}],"wp:attachment":[{"href":"https:\/\/sunsurfalacati.com\/de\/wp-json\/wp\/v2\/media?parent=5585"}],"curies":[{"name":"wp","href":"https:\/\/api.w.org\/{rel}","templated":true}]}}