{"id":5582,"date":"2017-01-12T12:32:46","date_gmt":"2017-01-12T12:32:46","guid":{"rendered":"https:\/\/sunsurfalacati.com\/lektionen\/"},"modified":"2025-05-08T14:46:15","modified_gmt":"2025-05-08T14:46:15","slug":"kurse","status":"publish","type":"page","link":"https:\/\/sunsurfalacati.com\/de\/kurse\/","title":{"rendered":"Kurse"},"content":{"rendered":"<div class=\"wpb-content-wrapper\">[vc_row full_width=&#8221;stretch_row_content&#8221; equal_height=&#8221;yes&#8221; content_placement=&#8221;middle&#8221; column_separator_row=&#8221;&#8221; css=&#8221;.vc_custom_1566219827820{margin-top: -80px !important;}&#8221;][vc_column css=&#8221;.vc_custom_1740866271599{background-image: url(http:\/\/sunsurfalacati.com\/wp-content\/uploads\/2020\/05\/kids-lessons-sun-surf.png?id=4447) !important;background-position: center !important;background-repeat: no-repeat !important;background-size: cover !important;}&#8221; offset=&#8221;vc_col-md-6&#8243;][gt3_spacing height=&#8221;445px&#8221;][\/vc_column][vc_column css=&#8221;.vc_custom_1527154993445{padding-left: 10.1% !important;background-image: url(https:\/\/livewp.site\/wp\/md\/surfy\/wp-content\/uploads\/sites\/43\/2018\/05\/img_lessons_1-1.jpg?id=3329) !important;background-position: center !important;background-repeat: no-repeat !important;background-size: cover !important;}&#8221; offset=&#8221;vc_col-md-6&#8243;][gt3_spacing height=&#8221;25px&#8221; responsive_es=&#8221;true&#8221; height_tablet=&#8221;84&#8243;][gt3_custom_text text_color=&#8221;#27323d&#8221; font_size=&#8221;30&#8243; line_height=&#8221;100&#8243;]<strong>Unterricht f\u00fcr Kinder<\/strong>[\/gt3_custom_text][gt3_spacing height=&#8221;27px&#8221;][vc_row_inner][vc_column_inner css=&#8221;.vc_custom_1526463008678{padding-right: 29% !important;}&#8221;][gt3_custom_text text_color=&#8221;#737d84&#8243; font_size=&#8221;16&#8243; line_height=&#8221;190&#8243;]<span>Unsere Surfkurse f\u00fcr Kinder bieten eine lustige und sichere Einf\u00fchrung in die Welt des Surfens. F\u00fcr uns steht die Sicherheit im Wasser an erster Stelle, die grundlegenden Techniken und der Aufbau von Vertrauen zur Natur und zum Ozean.<\/span>[\/gt3_custom_text][\/vc_column_inner][\/vc_row_inner][gt3_spacing height=&#8221;37px&#8221;][gt3_custom_text text_color=&#8221;#909aa3&#8243; font_size=&#8221;16&#8243;]\n<p style=\"text-align: left;\"><a class=\"view_all_link shortcode_button btn_normal btn_type1\" href=\"https:\/\/sunsurfalacati.com\/de\/practice\/lektionen-fuer-kinder\/\" title=\"Learn More\">Mehr<\/a><\/p>\n[\/gt3_custom_text][gt3_spacing height=&#8221;49px&#8221; responsive_es=&#8221;true&#8221; height_tablet=&#8221;107&#8243;][\/vc_column][\/vc_row][vc_row full_width=&#8221;stretch_row_content&#8221; equal_height=&#8221;yes&#8221; content_placement=&#8221;middle&#8221; reverse_columns_in_mobile=&#8221;yes&#8221; column_separator_row=&#8221;&#8221;][vc_column css=&#8221;.vc_custom_1527155272664{padding-left: 29% !important;background-image: url(https:\/\/livewp.site\/wp\/md\/surfy\/wp-content\/uploads\/sites\/43\/2018\/05\/img_lessons_2-2.jpg?id=3328) !important;background-position: center !important;background-repeat: no-repeat !important;background-size: cover !important;}&#8221; offset=&#8221;vc_col-md-6&#8243;][gt3_spacing height=&#8221;25px&#8221; responsive_es=&#8221;true&#8221; height_tablet=&#8221;84&#8243;][gt3_custom_text text_color=&#8221;#ffffff&#8221; font_size=&#8221;30&#8243; line_height=&#8221;100&#8243;]<strong>Privatunterricht<\/strong>[\/gt3_custom_text][gt3_spacing height=&#8221;27px&#8221;][vc_row_inner][vc_column_inner css=&#8221;.vc_custom_1526464567328{padding-right: 15.9% !important;}&#8221;][gt3_custom_text text_color=&#8221;#c9d4dc&#8221; font_size=&#8221;16&#8243; line_height=&#8221;190&#8243;]SUN SURF ALACATI, hat internationale und lokalen Surflehrer. Bei privaten Surfstunden schenken wir Dir unsere ganze Aufmerksamkeit. Unsere Lehrer werden Dich individuell begleiten.[\/gt3_custom_text][\/vc_column_inner][\/vc_row_inner][gt3_spacing height=&#8221;37px&#8221;][gt3_custom_text text_color=&#8221;#909aa3&#8243; font_size=&#8221;16&#8243;]\n<p style=\"text-align: left;\"><a class=\"view_all_link shortcode_button btn_normal btn_type2\" href=\"https:\/\/sunsurfalacati.com\/de\/practice\/privatunterricht\/\" title=\"Learn More\">Mehr<\/a><\/p>\n[\/gt3_custom_text][gt3_spacing height=&#8221;49px&#8221; responsive_es=&#8221;true&#8221; height_tablet=&#8221;107&#8243;][\/vc_column][vc_column css=&#8221;.vc_custom_1746715568896{background-image: url(https:\/\/sunsurfalacati.com\/wp-content\/uploads\/2025\/05\/wingfoil_sunsurf.jpg?id=6006) !important;background-position: center !important;background-repeat: no-repeat !important;background-size: cover !important;}&#8221; offset=&#8221;vc_col-md-6&#8243;][gt3_spacing height=&#8221;445px&#8221;][\/vc_column][\/vc_row][vc_row full_width=&#8221;stretch_row_content&#8221; equal_height=&#8221;yes&#8221; content_placement=&#8221;middle&#8221;][vc_column css=&#8221;.vc_custom_1740757980077{background-image: url(http:\/\/sunsurfalacati.com\/wp-content\/uploads\/2025\/02\/kids-camp-sunsurf.jpg?id=4421) !important;background-position: center !important;background-repeat: no-repeat !important;background-size: cover !important;}&#8221; offset=&#8221;vc_col-md-6&#8243;][gt3_spacing height=&#8221;445px&#8221;][\/vc_column][vc_column css=&#8221;.vc_custom_1527155295210{padding-left: 10.1% !important;background-image: url(https:\/\/livewp.site\/wp\/md\/surfy\/wp-content\/uploads\/sites\/43\/2018\/05\/img_lessons_3-3.jpg?id=3327) !important;background-position: center !important;background-repeat: no-repeat !important;background-size: cover !important;}&#8221; offset=&#8221;vc_col-md-6&#8243;][gt3_spacing height=&#8221;25px&#8221; responsive_es=&#8221;true&#8221; height_tablet=&#8221;84&#8243;][gt3_custom_text text_color=&#8221;#27323d&#8221; font_size=&#8221;30&#8243; line_height=&#8221;100&#8243;]<strong>Kinder Camp<\/strong>[\/gt3_custom_text][gt3_spacing height=&#8221;27px&#8221;][vc_row_inner][vc_column_inner css=&#8221;.vc_custom_1526464854064{padding-right: 31% !important;}&#8221;][gt3_custom_text text_color=&#8221;#737d84&#8243; font_size=&#8221;16&#8243; line_height=&#8221;190&#8243;]Lasse Dein Kind in die Magie des Surfens eintauchen und melde es f\u00fcr unser Surfcamp an. Dein Kind wird viel Spa\u00df haben und neue Freundschaften schlie\u00dfen.[\/gt3_custom_text][\/vc_column_inner][\/vc_row_inner][gt3_spacing height=&#8221;37px&#8221;][gt3_custom_text text_color=&#8221;#909aa3&#8243; font_size=&#8221;16&#8243;]\n<p style=\"text-align: left;\"><a class=\"view_all_link shortcode_button btn_normal btn_type1\" href=\"https:\/\/sunsurfalacati.com\/de\/practice\/kinder-camp\/\" title=\"Learn More\">Mehr<\/a><\/p>\n[\/gt3_custom_text][gt3_spacing height=&#8221;49px&#8221; responsive_es=&#8221;true&#8221; height_tablet=&#8221;107&#8243;][\/vc_column][\/vc_row][vc_row full_width=&#8221;stretch_row_content&#8221; equal_height=&#8221;yes&#8221; content_placement=&#8221;middle&#8221; reverse_columns_in_mobile=&#8221;yes&#8221; column_separator_row=&#8221;&#8221;][vc_column css=&#8221;.vc_custom_1527155323773{padding-left: 29% !important;background-image: url(https:\/\/livewp.site\/wp\/md\/surfy\/wp-content\/uploads\/sites\/43\/2018\/05\/img_lessons_4-4.jpg?id=3326) !important;background-position: center !important;background-repeat: no-repeat !important;background-size: cover !important;}&#8221; offset=&#8221;vc_col-md-6&#8243;][gt3_spacing height=&#8221;25px&#8221; responsive_es=&#8221;true&#8221; height_tablet=&#8221;84&#8243;][gt3_custom_text text_color=&#8221;#ffffff&#8221; font_size=&#8221;30&#8243; line_height=&#8221;100&#8243;]<strong>Gruppenunterricht<\/strong>[\/gt3_custom_text][gt3_spacing height=&#8221;27px&#8221;][vc_row_inner][vc_column_inner css=&#8221;.vc_custom_1526464908960{padding-right: 15.9% !important;}&#8221;][gt3_custom_text text_color=&#8221;#c9d4dc&#8221; font_size=&#8221;16&#8243; line_height=&#8221;190&#8243;]Gruppenkurse sind f\u00fcr Gruppen von 2 bis 6 Personen. Bringen Deine Freunde mit und lerne neue Surfer in unseren Gruppenkursen kennen. Gruppenkurse sind ideal f\u00fcr aufgeschlossene Surfer, die gerne neue Leute kennenlernen und neue Erfahrungen teilen.[\/gt3_custom_text][\/vc_column_inner][\/vc_row_inner][gt3_spacing height=&#8221;37px&#8221;][gt3_custom_text text_color=&#8221;#909aa3&#8243; font_size=&#8221;16&#8243;]\n<p style=\"text-align: left;\"><a class=\"view_all_link shortcode_button btn_normal btn_type2\" href=\"https:\/\/sunsurfalacati.com\/de\/practice\/gruppenunterricht\/\" title=\"Learn More\">Mehr<\/a><\/p>\n[\/gt3_custom_text][gt3_spacing height=&#8221;49px&#8221; responsive_es=&#8221;true&#8221; height_tablet=&#8221;107&#8243;][\/vc_column][vc_column css=&#8221;.vc_custom_1740600619651{background-image: url(http:\/\/sunsurfalacati.com\/wp-content\/uploads\/2025\/02\/sun-surf-kite-surf.jpg?id=4450) !important;background-position: center !important;background-repeat: no-repeat !important;background-size: cover !important;}&#8221; offset=&#8221;vc_col-md-6&#8243;][gt3_spacing height=&#8221;445px&#8221;][\/vc_column][\/vc_row]\n<\/div>","protected":false},"excerpt":{"rendered":"<p>[vc_row full_width=&#8221;stretch_row_content&#8221; equal_height=&#8221;yes&#8221; content_placement=&#8221;middle&#8221; column_separator_row=&#8221;&#8221; css=&#8221;.vc_custom_1566219827820{margin-top: -80px !important;}&#8221;][vc_column css=&#8221;.vc_custom_1740866271599{background-image: url(http:\/\/sunsurfalacati.com\/wp-content\/uploads\/2020\/05\/kids-lessons-sun-surf.png?id=4447) !important;background-position: center !important;background-repeat: no-repeat !important;background-size: cover !important;}&#8221; offset=&#8221;vc_col-md-6&#8243;][gt3_spacing height=&#8221;445px&#8221;][\/vc_column][vc_column css=&#8221;.vc_custom_1527154993445{padding-left: 10.1% !important;background-image: url(https:\/\/livewp.site\/wp\/md\/surfy\/wp-content\/uploads\/sites\/43\/2018\/05\/img_lessons_1-1.jpg?id=3329) !important;background-position: center !important;background-repeat: no-repeat !important;background-size: cover !important;}&#8221; offset=&#8221;vc_col-md-6&#8243;][gt3_spacing height=&#8221;25px&#8221; responsive_es=&#8221;true&#8221; height_tablet=&#8221;84&#8243;][gt3_custom_text text_color=&#8221;#27323d&#8221; font_size=&#8221;30&#8243; line_height=&#8221;100&#8243;]Unterricht f\u00fcr Kinder[\/gt3_custom_text][gt3_spacing height=&#8221;27px&#8221;][vc_row_inner][vc_column_inner css=&#8221;.vc_custom_1526463008678{padding-right: 29% !important;}&#8221;][gt3_custom_text text_color=&#8221;#737d84&#8243; font_size=&#8221;16&#8243; line_height=&#8221;190&#8243;]Unsere Surfkurse f\u00fcr Kinder bieten eine lustige und sichere Einf\u00fchrung [&hellip;]<\/p>\n","protected":false},"author":1,"featured_media":0,"parent":0,"menu_order":0,"comment_status":"closed","ping_status":"closed","template":"","meta":{"footnotes":""},"class_list":["post-5582","page","type-page","status-publish","hentry"],"_links":{"self":[{"href":"https:\/\/sunsurfalacati.com\/de\/wp-json\/wp\/v2\/pages\/5582","targetHints":{"allow":["GET"]}}],"collection":[{"href":"https:\/\/sunsurfalacati.com\/de\/wp-json\/wp\/v2\/pages"}],"about":[{"href":"https:\/\/sunsurfalacati.com\/de\/wp-json\/wp\/v2\/types\/page"}],"author":[{"embeddable":true,"href":"https:\/\/sunsurfalacati.com\/de\/wp-json\/wp\/v2\/users\/1"}],"replies":[{"embeddable":true,"href":"https:\/\/sunsurfalacati.com\/de\/wp-json\/wp\/v2\/comments?post=5582"}],"version-history":[{"count":12,"href":"https:\/\/sunsurfalacati.com\/de\/wp-json\/wp\/v2\/pages\/5582\/revisions"}],"predecessor-version":[{"id":6056,"href":"https:\/\/sunsurfalacati.com\/de\/wp-json\/wp\/v2\/pages\/5582\/revisions\/6056"}],"wp:attachment":[{"href":"https:\/\/sunsurfalacati.com\/de\/wp-json\/wp\/v2\/media?parent=5582"}],"curies":[{"name":"wp","href":"https:\/\/api.w.org\/{rel}","templated":true}]}}