{"id":5569,"date":"2025-02-27T21:42:40","date_gmt":"2025-02-27T21:42:40","guid":{"rendered":"https:\/\/sunsurfalacati.com\/vermietungen\/"},"modified":"2026-01-30T08:24:03","modified_gmt":"2026-01-30T08:24:03","slug":"vermietungen","status":"publish","type":"page","link":"https:\/\/sunsurfalacati.com\/de\/vermietungen\/","title":{"rendered":"Vermietungen\/Kliniken"},"content":{"rendered":"<div class=\"wpb-content-wrapper\">[vc_row full_width=&#8221;stretch_row&#8221; column_separator_row=&#8221;&#8221; masked_row=&#8221;&#8221; css=&#8221;.vc_custom_1527667058326{margin-top: -80px !important;background-image: url(https:\/\/livewp.site\/wp\/md\/surfy\/wp-content\/uploads\/sites\/43\/2018\/05\/bg_contacts.jpg?id=3890) !important;background-position: center !important;background-repeat: no-repeat !important;background-size: cover !important;}&#8221;][vc_column width=&#8221;1\/2&#8243;][gt3_custom_text text_color=&#8221;#27323d&#8221; font_size=&#8221;30&#8243; line_height=&#8221;100&#8243;]\n<h2><strong>Was wir Ihnen zum Mieten anbieten<\/strong><\/h2>\n[\/gt3_custom_text][gt3_spacing height=&#8221;18px&#8221;][gt3_custom_text text_color=&#8221;#737D84&#8243; font_size=&#8221;16&#8243; line_height=&#8221;190&#8243;]Bei SUN SURF ALACATI haben wir sorgf\u00e4ltig die besten Marken f\u00fcr Sie ausgew\u00e4hlt![\/gt3_custom_text][gt3_spacing height=&#8221;27px&#8221;][gt3_custom_text text_color=&#8221;#737D84&#8243; font_size=&#8221;16&#8243; line_height=&#8221;190&#8243;]<strong>Windsurfing:<\/strong> JP-Boards und Tabou-Boards, Neil Pryde-Segel und Gaastra-Segel<\/p>\n<p><strong>Wingfoiling:<\/strong> Duotone-Boards und Duotone-Segel<\/p>\n<p><strong>Kitesurfen:<\/strong> Kern-Boards und Kern-Segel<\/p>\n<p>Wir vermieten brandneue <strong>SUP-Boards.<\/strong>[\/gt3_custom_text][gt3_spacing height=&#8221;50px&#8221;][gt3_custom_text text_color=&#8221;#27323d&#8221; font_size=&#8221;30&#8243; line_height=&#8221;100&#8243;]\n<h1><strong>Was wir f\u00fcr Kliniken anbieten<\/strong><\/h1>\n[\/gt3_custom_text][gt3_custom_text text_color=&#8221;#737D84&#8243; font_size=&#8221;16&#8243; line_height=&#8221;190&#8243;]Sie planen eine <strong data-start=\"244\" data-end=\"278\">Windsurfing- oder Wingfoil-Schulung<\/strong>? Dann sind Sie bei uns genau richtig.<br data-start=\"311\" data-end=\"314\">Setzen Sie sich mit uns in Verbindung, und wir werden Sie bei jedem Schritt unterst\u00fctzen. Wir kombinieren Leidenschaft, Erfahrung und lokales Know-how, um den perfekten Rahmen f\u00fcr einen unvergesslichen Kurs zu schaffen, sowohl auf dem Wasser als auch abseits davon. <\/p>\n<p>&nbsp;[\/gt3_custom_text][gt3_custom_text text_color=&#8221;#27323d&#8221; font_size=&#8221;30&#8243; line_height=&#8221;100&#8243;]\n<h2><strong>Warum uns w\u00e4hlen?<\/strong><\/h2>\n[\/gt3_custom_text][gt3_custom_text text_color=&#8221;#737D84&#8243; font_size=&#8221;16&#8243; line_height=&#8221;190&#8243;]\n<ul>\n<li><strong>Die neueste Premium-Ausr\u00fcstung<\/strong> von JP\/NeilPryde, Tabou\/Gaastra und Duotone f\u00fcr die Saison 2025\/2026<\/li>\n<li><strong data-start=\"641\" data-end=\"660\">Viel Platz<\/strong> f\u00fcr Sport, Action und Entspannung &#8211; von Fu\u00dfball und Volleyball bis hin zu speziellen Chill-out-Bereichen<\/li>\n<li><strong data-start=\"756\" data-end=\"788\">Liegest\u00fchle und Restaurants<\/strong> in unmittelbarer N\u00e4he<\/li>\n<li><strong>Entspannte Stimmung, positive Energie<\/strong> und eine einladende Gemeinschaft<\/li>\n<\/ul>\n<p><strong data-start=\"887\" data-end=\"954\">Ideale Bedingungen, Top-Ausr\u00fcstung und eine echte Urlaubsatmosph\u00e4re &#8211; die<\/strong>perfekte Kombination f\u00fcr erfolgreiche Kliniken und motivierte Teilnehmer[\/gt3_custom_text][gt3_spacing height=&#8221;50px&#8221;][gt3_custom_text text_color=&#8221;#27323d&#8221; font_size=&#8221;30&#8243; line_height=&#8221;100&#8243;]\n<h2><strong>Schreiben Sie uns eine Nachricht<\/strong><\/h2>\n[\/gt3_custom_text]\n<div class=\"wpcf7 no-js\" id=\"wpcf7-f5609-o1\" lang=\"de-DE\" dir=\"ltr\" data-wpcf7-id=\"5609\">\n<div class=\"screen-reader-response\"><p role=\"status\" aria-live=\"polite\" aria-atomic=\"true\"><\/p> <ul><\/ul><\/div>\n<form action=\"\/de\/wp-json\/wp\/v2\/pages\/5569#wpcf7-f5609-o1\" method=\"post\" class=\"wpcf7-form init\" aria-label=\"Kontaktformular\" novalidate=\"novalidate\" data-status=\"init\">\n<fieldset class=\"hidden-fields-container\"><input type=\"hidden\" name=\"_wpcf7\" value=\"5609\" \/><input type=\"hidden\" name=\"_wpcf7_version\" value=\"6.1.5\" \/><input type=\"hidden\" name=\"_wpcf7_locale\" value=\"de_DE\" \/><input type=\"hidden\" name=\"_wpcf7_unit_tag\" value=\"wpcf7-f5609-o1\" \/><input type=\"hidden\" name=\"_wpcf7_container_post\" value=\"0\" \/><input type=\"hidden\" name=\"_wpcf7_posted_data_hash\" value=\"\" \/>\n<\/fieldset>\n<div class=\"row contact-page\">\n\t<div class=\"span6\">\n\t\t<p><span class=\"wpcf7-form-control-wrap\" data-name=\"Name\"><input size=\"40\" maxlength=\"400\" class=\"wpcf7-form-control wpcf7-text wpcf7-validates-as-required\" aria-required=\"true\" aria-invalid=\"false\" value=\"Name *\" type=\"text\" name=\"Name\" \/><\/span>\n\t\t<\/p>\n\t<\/div>\n\t<div class=\"span6\">\n\t\t<p><span class=\"wpcf7-form-control-wrap\" data-name=\"ihr-email\"><input size=\"40\" maxlength=\"400\" class=\"wpcf7-form-control wpcf7-email wpcf7-validates-as-required wpcf7-text wpcf7-validates-as-email\" aria-required=\"true\" aria-invalid=\"false\" value=\"E-Mail *\" type=\"email\" name=\"ihr-email\" \/><\/span>\n\t\t<\/p>\n\t<\/div>\n\t<div class=\"span12 custom_textarea\">\n\t\t<p><span class=\"wpcf7-form-control-wrap\" data-name=\"your-message\"><textarea cols=\"40\" rows=\"10\" maxlength=\"2000\" class=\"wpcf7-form-control wpcf7-textarea\" aria-invalid=\"false\" placeholder=\"Nachricht\" name=\"your-message\"><\/textarea><\/span>\n\t\t<\/p>\n\t\t<div class=\"form-submit_custom text-left\">\n\t\t\t<p><input class=\"wpcf7-form-control wpcf7-submit has-spinner\" type=\"submit\" value=\"NACHRICHTEN SENDEN\" \/>\n\t\t\t<\/p>\n\t\t<\/div>\n\t<\/div>\n<\/div><div class=\"wpcf7-response-output\" aria-hidden=\"true\"><\/div>\n<\/form>\n<\/div>\n[\/vc_column][vc_column width=&#8221;1\/2&#8243;][gt3_spacing height=&#8221;33px&#8221;][\/vc_column][\/vc_row]\n<\/div>","protected":false},"excerpt":{"rendered":"<p>[vc_row full_width=&#8221;stretch_row&#8221; column_separator_row=&#8221;&#8221; masked_row=&#8221;&#8221; css=&#8221;.vc_custom_1527667058326{margin-top: -80px !important;background-image: url(https:\/\/livewp.site\/wp\/md\/surfy\/wp-content\/uploads\/sites\/43\/2018\/05\/bg_contacts.jpg?id=3890) !important;background-position: center !important;background-repeat: no-repeat !important;background-size: cover !important;}&#8221;][vc_column width=&#8221;1\/2&#8243;][gt3_custom_text text_color=&#8221;#27323d&#8221; font_size=&#8221;30&#8243; line_height=&#8221;100&#8243;] Was wir Ihnen zum Mieten anbieten [\/gt3_custom_text][gt3_spacing height=&#8221;18px&#8221;][gt3_custom_text text_color=&#8221;#737D84&#8243; font_size=&#8221;16&#8243; line_height=&#8221;190&#8243;]Bei SUN SURF ALACATI haben wir sorgf\u00e4ltig die besten Marken f\u00fcr Sie ausgew\u00e4hlt![\/gt3_custom_text][gt3_spacing height=&#8221;27px&#8221;][gt3_custom_text text_color=&#8221;#737D84&#8243; font_size=&#8221;16&#8243; line_height=&#8221;190&#8243;]Windsurfing: JP-Boards und Tabou-Boards, Neil Pryde-Segel und Gaastra-Segel Wingfoiling: Duotone-Boards [&hellip;]<\/p>\n","protected":false},"author":1,"featured_media":0,"parent":0,"menu_order":0,"comment_status":"closed","ping_status":"closed","template":"","meta":{"footnotes":""},"class_list":["post-5569","page","type-page","status-publish","hentry"],"_links":{"self":[{"href":"https:\/\/sunsurfalacati.com\/de\/wp-json\/wp\/v2\/pages\/5569","targetHints":{"allow":["GET"]}}],"collection":[{"href":"https:\/\/sunsurfalacati.com\/de\/wp-json\/wp\/v2\/pages"}],"about":[{"href":"https:\/\/sunsurfalacati.com\/de\/wp-json\/wp\/v2\/types\/page"}],"author":[{"embeddable":true,"href":"https:\/\/sunsurfalacati.com\/de\/wp-json\/wp\/v2\/users\/1"}],"replies":[{"embeddable":true,"href":"https:\/\/sunsurfalacati.com\/de\/wp-json\/wp\/v2\/comments?post=5569"}],"version-history":[{"count":18,"href":"https:\/\/sunsurfalacati.com\/de\/wp-json\/wp\/v2\/pages\/5569\/revisions"}],"predecessor-version":[{"id":6337,"href":"https:\/\/sunsurfalacati.com\/de\/wp-json\/wp\/v2\/pages\/5569\/revisions\/6337"}],"wp:attachment":[{"href":"https:\/\/sunsurfalacati.com\/de\/wp-json\/wp\/v2\/media?parent=5569"}],"curies":[{"name":"wp","href":"https:\/\/api.w.org\/{rel}","templated":true}]}}